{"id":2426,"date":"2025-11-02T14:48:41","date_gmt":"2025-11-02T14:48:41","guid":{"rendered":"https:\/\/kozmetika-balance.si\/?post_type=product&#038;p=2426"},"modified":"2026-03-09T19:04:34","modified_gmt":"2026-03-09T19:04:34","slug":"radiance-cream-for-wrinkles-dark-circles-puffiness-15-ml","status":"publish","type":"product","link":"https:\/\/kozmetika-balance.si\/it\/prodotto\/radiance-cream-for-wrinkles-dark-circles-puffiness-15-ml\/","title":{"rendered":"CREMA DI LUMINOSIT\u00c0 PER RUGHE - OCCHIAIE - GONFIORI, 15 ML"},"content":{"rendered":"<div id=\"headingwml_sadrzaj\" class=\"card-header\" data-toggle=\"collapse\" data-target=\"#collapsewml_sadrzaj\" aria-expanded=\"true\" aria-controls=\"collapsewml_sadrzaj\">\n<div id=\"headingsazetak\" class=\"card-header\" data-toggle=\"collapse\" data-target=\"#collapsesazetak\" aria-expanded=\"true\" aria-controls=\"collapsesazetak\">\n<h5>Istruzioni per l'uso<i class=\"fal fa-plus\"><\/i><\/h5>\n<\/div>\n<div id=\"collapsesazetak\" class=\"collapse show\" aria-labelledby=\"headingsazetak\" data-parent=\"#accordion\">\n<div class=\"card-body\">\n<p>Applicare mattina e sera sul contorno occhi, comprese le palpebre superiori. Iniziare dall'angolo interno e lavorare verso l'esterno. Applicare tra le sopracciglia per prevenire i segni visibili dell'invecchiamento nella zona degli occhi.<\/p>\n<\/div>\n<\/div>\n<\/div>","protected":false},"excerpt":{"rendered":"<p>Una crema che combatte visibilmente i problemi quotidiani del contorno occhi: rughe, rughette, occhiaie e borse che rendono lo sguardo spento. Agisce sugli effetti della luce blu, attenuando le rughe e le rughette del contorno e attenuando visibilmente le borse e le occhiaie.<\/p>\n<p>La sua texture liscia \u00e8 tanto fresca quanto piacevole e si fonde con la pelle. Il contorno occhi \u00e8 visibilmente ringiovanito e lo sguardo \u00e8 riposato e luminoso. La crema \u00e8 adatta a tutti coloro che sono esposti alla luce blu degli schermi, che sentono gli effetti delle notti insonni e pesanti, del jet lag, che desiderano rimandare un intervento estetico o che vogliono semplicemente coprire le proprie imperfezioni (punti neri, brufoli, ecc.).<\/p>\n<p>Contiene: estratti di Tara (girasole), che agisce come protettore dalla luce blu; estratto di semi di lino, che protegge la barriera cutanea dalle aggressioni esterne e protegge la struttura della pelle; e un complesso ultra-rigenerante, che riduce l'aspetto delle rughe, lenisce e rassoda la pelle.<\/p>\n<p>Questa linea di prodotti \u00e8 perfetta per voi se:<\/p>\n<ul>\n<li>avete 25 anni e volete che i vostri occhi appaiano pi\u00f9 giovani<\/li>\n<li>avete 45 anni e volete eliminare i segni dell'invecchiamento: rughe, borse sotto gli occhi, gonfiori<\/li>\n<li>si \u00e8 influenzati da: illuminazione dello schermo, jet lag, notti bianche e insonni, ecc.<\/li>\n<li>desiderate rimandare un intervento estetico<\/li>\n<li>volete semplicemente coprire le vostre imperfezioni (borse sotto gli occhi, macchie, ecc.).<\/li>\n<li>Cercate risultati rapidi e mirati: un aspetto giovane, senza borse e gonfiori sotto gli occhi.<\/li>\n<li>siete alla ricerca di prodotti che contengano principi attivi di origine naturale<\/li>\n<li>alla ricerca di un rituale di bellezza facile e veloce<\/li>\n<\/ul>\n<p>Inodore. Testato oftalmologicamente su occhi sensibili e portatori di lenti a contatto.<\/p>","protected":false},"featured_media":2536,"template":"","meta":{"site-sidebar-layout":"default","site-content-layout":"","ast-site-content-layout":"default","site-content-style":"default","site-sidebar-style":"default","ast-global-header-display":"","ast-banner-title-visibility":"","ast-main-header-display":"","ast-hfb-above-header-display":"","ast-hfb-below-header-display":"","ast-hfb-mobile-header-display":"","site-post-title":"","ast-breadcrumbs-content":"","ast-featured-img":"","footer-sml-layout":"","theme-transparent-header-meta":"default","adv-header-id-meta":"","stick-header-meta":"","header-above-stick-meta":"","header-main-stick-meta":"","header-below-stick-meta":"","astra-migrate-meta-layouts":"set","ast-page-background-enabled":"default","ast-page-background-meta":{"desktop":{"background-color":"var(--ast-global-color-4)","background-image":"","background-repeat":"repeat","background-position":"center center","background-size":"auto","background-attachment":"scroll","background-type":"","background-media":"","overlay-type":"","overlay-color":"","overlay-opacity":"","overlay-gradient":""},"tablet":{"background-color":"","background-image":"","background-repeat":"repeat","background-position":"center center","background-size":"auto","background-attachment":"scroll","background-type":"","background-media":"","overlay-type":"","overlay-color":"","overlay-opacity":"","overlay-gradient":""},"mobile":{"background-color":"","background-image":"","background-repeat":"repeat","background-position":"center center","background-size":"auto","background-attachment":"scroll","background-type":"","background-media":"","overlay-type":"","overlay-color":"","overlay-opacity":"","overlay-gradient":""}},"ast-content-background-meta":{"desktop":{"background-color":"var(--ast-global-color-5)","background-image":"","background-repeat":"repeat","background-position":"center center","background-size":"auto","background-attachment":"scroll","background-type":"","background-media":"","overlay-type":"","overlay-color":"","overlay-opacity":"","overlay-gradient":""},"tablet":{"background-color":"var(--ast-global-color-5)","background-image":"","background-repeat":"repeat","background-position":"center center","background-size":"auto","background-attachment":"scroll","background-type":"","background-media":"","overlay-type":"","overlay-color":"","overlay-opacity":"","overlay-gradient":""},"mobile":{"background-color":"var(--ast-global-color-5)","background-image":"","background-repeat":"repeat","background-position":"center center","background-size":"auto","background-attachment":"scroll","background-type":"","background-media":"","overlay-type":"","overlay-color":"","overlay-opacity":"","overlay-gradient":""}}},"product_brand":[],"product_cat":[43],"product_tag":[],"class_list":{"0":"post-2426","1":"product","2":"type-product","3":"status-publish","4":"has-post-thumbnail","6":"product_cat-sothys","7":"desktop-align-left","8":"tablet-align-left","9":"mobile-align-left","11":"first","12":"instock","13":"shipping-taxable","14":"purchasable","15":"product-type-simple"},"_links":{"self":[{"href":"https:\/\/kozmetika-balance.si\/it\/wp-json\/wp\/v2\/product\/2426","targetHints":{"allow":["GET"]}}],"collection":[{"href":"https:\/\/kozmetika-balance.si\/it\/wp-json\/wp\/v2\/product"}],"about":[{"href":"https:\/\/kozmetika-balance.si\/it\/wp-json\/wp\/v2\/types\/product"}],"wp:featuredmedia":[{"embeddable":true,"href":"https:\/\/kozmetika-balance.si\/it\/wp-json\/wp\/v2\/media\/2536"}],"wp:attachment":[{"href":"https:\/\/kozmetika-balance.si\/it\/wp-json\/wp\/v2\/media?parent=2426"}],"wp:term":[{"taxonomy":"product_brand","embeddable":true,"href":"https:\/\/kozmetika-balance.si\/it\/wp-json\/wp\/v2\/product_brand?post=2426"},{"taxonomy":"product_cat","embeddable":true,"href":"https:\/\/kozmetika-balance.si\/it\/wp-json\/wp\/v2\/product_cat?post=2426"},{"taxonomy":"product_tag","embeddable":true,"href":"https:\/\/kozmetika-balance.si\/it\/wp-json\/wp\/v2\/product_tag?post=2426"}],"curies":[{"name":"wp","href":"https:\/\/api.w.org\/{rel}","templated":true}]}}