{"id":2399,"date":"2025-11-02T13:55:44","date_gmt":"2025-11-02T13:55:44","guid":{"rendered":"https:\/\/kozmetika-balance.si\/?post_type=product&#038;p=2399"},"modified":"2026-03-09T19:04:34","modified_gmt":"2026-03-09T19:04:34","slug":"reconstructive-youth-serum-30-ml","status":"publish","type":"product","link":"https:\/\/kozmetika-balance.si\/it\/prodotto\/reconstructive-youth-serum-30-ml\/","title":{"rendered":"SIERO RICOSTRUTTIVO DI GIOVINEZZA, 30 ML"},"content":{"rendered":"<div id=\"headingsazetak\" class=\"card-header\" data-toggle=\"collapse\" data-target=\"#collapsesazetak\" aria-expanded=\"true\" aria-controls=\"collapsesazetak\">\n<h5>Istruzioni per l'uso<i class=\"fal fa-plus\"><\/i><\/h5>\n<\/div>\n<div id=\"collapsesazetak\" class=\"collapse show\" aria-labelledby=\"headingsazetak\" data-parent=\"#accordion\">\n<div class=\"card-body\">\n<p>Applicare mattina e sera su viso e collo (da 1 a 2 passate). Seguire con una crema adatta. Combinare o alternare con qualsiasi altro siero ringiovanente.<\/p>\n<\/div>\n<\/div>","protected":false},"excerpt":{"rendered":"<p>Un balsamo in gel per una pelle morbida e tonica, che riduce i segni visibili dell'invecchiamento: pelle sottile, priva di vitalit\u00e0 e segnata dagli effetti del tempo, rughe. Per un incarnato che ha perso la sua luminosit\u00e0 giovanile, \u00e8 spento e grigio. Avvolge delicatamente la pelle e la nutre intensamente, donandole maggiore densit\u00e0 e vitalit\u00e0 e migliorando tutti i segni dell'invecchiamento.<\/p>\n<p>Ispirazione: procedure dermoestetiche - mesoterapia.<\/p>\n<p>Contiene: un complesso di vitamine e Omega 3, 6, 9 - un cocktail che nutre, tonifica e rivitalizza la pelle. Microsfere di acido ialuronico per rivitalizzare. Olio di aneto marino per una migliore densit\u00e0.<\/p>","protected":false},"featured_media":2400,"template":"","meta":{"site-sidebar-layout":"default","site-content-layout":"","ast-site-content-layout":"default","site-content-style":"default","site-sidebar-style":"default","ast-global-header-display":"","ast-banner-title-visibility":"","ast-main-header-display":"","ast-hfb-above-header-display":"","ast-hfb-below-header-display":"","ast-hfb-mobile-header-display":"","site-post-title":"","ast-breadcrumbs-content":"","ast-featured-img":"","footer-sml-layout":"","theme-transparent-header-meta":"default","adv-header-id-meta":"","stick-header-meta":"","header-above-stick-meta":"","header-main-stick-meta":"","header-below-stick-meta":"","astra-migrate-meta-layouts":"set","ast-page-background-enabled":"default","ast-page-background-meta":{"desktop":{"background-color":"var(--ast-global-color-4)","background-image":"","background-repeat":"repeat","background-position":"center center","background-size":"auto","background-attachment":"scroll","background-type":"","background-media":"","overlay-type":"","overlay-color":"","overlay-opacity":"","overlay-gradient":""},"tablet":{"background-color":"","background-image":"","background-repeat":"repeat","background-position":"center center","background-size":"auto","background-attachment":"scroll","background-type":"","background-media":"","overlay-type":"","overlay-color":"","overlay-opacity":"","overlay-gradient":""},"mobile":{"background-color":"","background-image":"","background-repeat":"repeat","background-position":"center center","background-size":"auto","background-attachment":"scroll","background-type":"","background-media":"","overlay-type":"","overlay-color":"","overlay-opacity":"","overlay-gradient":""}},"ast-content-background-meta":{"desktop":{"background-color":"var(--ast-global-color-5)","background-image":"","background-repeat":"repeat","background-position":"center center","background-size":"auto","background-attachment":"scroll","background-type":"","background-media":"","overlay-type":"","overlay-color":"","overlay-opacity":"","overlay-gradient":""},"tablet":{"background-color":"var(--ast-global-color-5)","background-image":"","background-repeat":"repeat","background-position":"center center","background-size":"auto","background-attachment":"scroll","background-type":"","background-media":"","overlay-type":"","overlay-color":"","overlay-opacity":"","overlay-gradient":""},"mobile":{"background-color":"var(--ast-global-color-5)","background-image":"","background-repeat":"repeat","background-position":"center center","background-size":"auto","background-attachment":"scroll","background-type":"","background-media":"","overlay-type":"","overlay-color":"","overlay-opacity":"","overlay-gradient":""}}},"product_brand":[],"product_cat":[43],"product_tag":[],"class_list":{"0":"post-2399","1":"product","2":"type-product","3":"status-publish","4":"has-post-thumbnail","6":"product_cat-sothys","7":"desktop-align-left","8":"tablet-align-left","9":"mobile-align-left","11":"first","12":"instock","13":"shipping-taxable","14":"purchasable","15":"product-type-simple"},"_links":{"self":[{"href":"https:\/\/kozmetika-balance.si\/it\/wp-json\/wp\/v2\/product\/2399","targetHints":{"allow":["GET"]}}],"collection":[{"href":"https:\/\/kozmetika-balance.si\/it\/wp-json\/wp\/v2\/product"}],"about":[{"href":"https:\/\/kozmetika-balance.si\/it\/wp-json\/wp\/v2\/types\/product"}],"wp:featuredmedia":[{"embeddable":true,"href":"https:\/\/kozmetika-balance.si\/it\/wp-json\/wp\/v2\/media\/2400"}],"wp:attachment":[{"href":"https:\/\/kozmetika-balance.si\/it\/wp-json\/wp\/v2\/media?parent=2399"}],"wp:term":[{"taxonomy":"product_brand","embeddable":true,"href":"https:\/\/kozmetika-balance.si\/it\/wp-json\/wp\/v2\/product_brand?post=2399"},{"taxonomy":"product_cat","embeddable":true,"href":"https:\/\/kozmetika-balance.si\/it\/wp-json\/wp\/v2\/product_cat?post=2399"},{"taxonomy":"product_tag","embeddable":true,"href":"https:\/\/kozmetika-balance.si\/it\/wp-json\/wp\/v2\/product_tag?post=2399"}],"curies":[{"name":"wp","href":"https:\/\/api.w.org\/{rel}","templated":true}]}}