{"id":2393,"date":"2025-11-02T13:21:26","date_gmt":"2025-11-02T13:21:26","guid":{"rendered":"https:\/\/kozmetika-balance.si\/?post_type=product&#038;p=2393"},"modified":"2026-03-09T19:04:34","modified_gmt":"2026-03-09T19:04:34","slug":"noctuelle-renovative-night-cream-50-ml","status":"publish","type":"product","link":"https:\/\/kozmetika-balance.si\/it\/prodotto\/noctuelle-renovative-night-cream-50-ml\/","title":{"rendered":"CREMA NOTTE RISTRUTTURANTE NOCTUELLE, 50 ML"},"content":{"rendered":"<div id=\"headingsazetak\" class=\"card-header\" data-toggle=\"collapse\" data-target=\"#collapsesazetak\" aria-expanded=\"true\" aria-controls=\"collapsesazetak\">\n<h5>Istruzioni per l'uso<i class=\"fal fa-plus\"><\/i><\/h5>\n<\/div>\n<div id=\"collapsesazetak\" class=\"collapse show\" aria-labelledby=\"headingsazetak\" data-parent=\"#accordion\">\n<div class=\"card-body\">Applicare la sera, dopo il siero, su viso e collo. Evitare il contorno occhi. Adatto anche alle pelli sensibili. Pu\u00f2 essere applicato in uno strato spesso per un \"massaggio rilassante\" utilizzando l'esclusiva tecnica di applicazione Sothys, massaggiando l'eccesso.<\/div>\n<\/div>","protected":false},"excerpt":{"rendered":"<p>Notte dopo notte, questa crema dalla fragranza lenitiva ripristina visibilmente la giovinezza della pelle. Dopo una giornata di aggressioni, la pelle si rigenera visibilmente, sfruttando il potere riparatore della notte per rivelare una pelle rinnovata che al mattino appare riposata e pi\u00f9 giovane. Il potere anti-et\u00e0 del collagene marino \u00e8 potenziato dalle alghe marine e dal complesso AHA + gemme di ribes nero biologico per illuminare l'incarnato.<\/p>","protected":false},"featured_media":2566,"template":"","meta":{"site-sidebar-layout":"default","site-content-layout":"","ast-site-content-layout":"default","site-content-style":"default","site-sidebar-style":"default","ast-global-header-display":"","ast-banner-title-visibility":"","ast-main-header-display":"","ast-hfb-above-header-display":"","ast-hfb-below-header-display":"","ast-hfb-mobile-header-display":"","site-post-title":"","ast-breadcrumbs-content":"","ast-featured-img":"","footer-sml-layout":"","theme-transparent-header-meta":"default","adv-header-id-meta":"","stick-header-meta":"","header-above-stick-meta":"","header-main-stick-meta":"","header-below-stick-meta":"","astra-migrate-meta-layouts":"set","ast-page-background-enabled":"default","ast-page-background-meta":{"desktop":{"background-color":"var(--ast-global-color-4)","background-image":"","background-repeat":"repeat","background-position":"center center","background-size":"auto","background-attachment":"scroll","background-type":"","background-media":"","overlay-type":"","overlay-color":"","overlay-opacity":"","overlay-gradient":""},"tablet":{"background-color":"","background-image":"","background-repeat":"repeat","background-position":"center center","background-size":"auto","background-attachment":"scroll","background-type":"","background-media":"","overlay-type":"","overlay-color":"","overlay-opacity":"","overlay-gradient":""},"mobile":{"background-color":"","background-image":"","background-repeat":"repeat","background-position":"center center","background-size":"auto","background-attachment":"scroll","background-type":"","background-media":"","overlay-type":"","overlay-color":"","overlay-opacity":"","overlay-gradient":""}},"ast-content-background-meta":{"desktop":{"background-color":"var(--ast-global-color-5)","background-image":"","background-repeat":"repeat","background-position":"center center","background-size":"auto","background-attachment":"scroll","background-type":"","background-media":"","overlay-type":"","overlay-color":"","overlay-opacity":"","overlay-gradient":""},"tablet":{"background-color":"var(--ast-global-color-5)","background-image":"","background-repeat":"repeat","background-position":"center center","background-size":"auto","background-attachment":"scroll","background-type":"","background-media":"","overlay-type":"","overlay-color":"","overlay-opacity":"","overlay-gradient":""},"mobile":{"background-color":"var(--ast-global-color-5)","background-image":"","background-repeat":"repeat","background-position":"center center","background-size":"auto","background-attachment":"scroll","background-type":"","background-media":"","overlay-type":"","overlay-color":"","overlay-opacity":"","overlay-gradient":""}}},"product_brand":[],"product_cat":[43],"product_tag":[],"class_list":{"0":"post-2393","1":"product","2":"type-product","3":"status-publish","4":"has-post-thumbnail","6":"product_cat-sothys","7":"desktop-align-left","8":"tablet-align-left","9":"mobile-align-left","11":"first","12":"instock","13":"shipping-taxable","14":"purchasable","15":"product-type-simple"},"_links":{"self":[{"href":"https:\/\/kozmetika-balance.si\/it\/wp-json\/wp\/v2\/product\/2393","targetHints":{"allow":["GET"]}}],"collection":[{"href":"https:\/\/kozmetika-balance.si\/it\/wp-json\/wp\/v2\/product"}],"about":[{"href":"https:\/\/kozmetika-balance.si\/it\/wp-json\/wp\/v2\/types\/product"}],"wp:featuredmedia":[{"embeddable":true,"href":"https:\/\/kozmetika-balance.si\/it\/wp-json\/wp\/v2\/media\/2566"}],"wp:attachment":[{"href":"https:\/\/kozmetika-balance.si\/it\/wp-json\/wp\/v2\/media?parent=2393"}],"wp:term":[{"taxonomy":"product_brand","embeddable":true,"href":"https:\/\/kozmetika-balance.si\/it\/wp-json\/wp\/v2\/product_brand?post=2393"},{"taxonomy":"product_cat","embeddable":true,"href":"https:\/\/kozmetika-balance.si\/it\/wp-json\/wp\/v2\/product_cat?post=2393"},{"taxonomy":"product_tag","embeddable":true,"href":"https:\/\/kozmetika-balance.si\/it\/wp-json\/wp\/v2\/product_tag?post=2393"}],"curies":[{"name":"wp","href":"https:\/\/api.w.org\/{rel}","templated":true}]}}