{"id":2387,"date":"2025-11-02T13:12:05","date_gmt":"2025-11-02T13:12:05","guid":{"rendered":"https:\/\/kozmetika-balance.si\/?post_type=product&#038;p=2387"},"modified":"2026-03-09T19:04:35","modified_gmt":"2026-03-09T19:04:35","slug":"illuminating-dark-spot-serum-30-ml","status":"publish","type":"product","link":"https:\/\/kozmetika-balance.si\/it\/prodotto\/illuminating-dark-spot-serum-30-ml\/","title":{"rendered":"SIERO ILLUMINANTE PER MACCHIE SCURE, 30 ML"},"content":{"rendered":"<div id=\"headingsazetak\" class=\"card-header\" data-toggle=\"collapse\" data-target=\"#collapsesazetak\" aria-expanded=\"true\" aria-controls=\"collapsesazetak\">\n<h5>Istruzioni per l'uso<i class=\"fal fa-plus\"><\/i><\/h5>\n<\/div>\n<div id=\"collapsesazetak\" class=\"collapse show\" aria-labelledby=\"headingsazetak\" data-parent=\"#accordion\">\n<div class=\"card-body\">\n<p>Si utilizza su viso, collo, d\u00e9collet\u00e9 e mani, mattina e sera. Per un'azione pi\u00f9 mirata, pu\u00f2 essere utilizzato su ogni singola imperfezione cutanea. Per un incarnato impeccabile \u00e8 preferibile far seguire l'uso di una crema. Evitare il contatto diretto con gli occhi. Utilizzare una protezione solare e limitare l'esposizione al sole durante l'uso di questo prodotto.<\/p>\n<\/div>\n<\/div>","protected":false},"excerpt":{"rendered":"<p>Questo siero \u00e8 il risultato di una combinazione unica di 9 principi attivi, derivati dalla scienza e dalla natura, per combattere tutte le macchie scure: emergenti, visibili e consolidate. Ideale da usare prima della protezione solare, questo siero offre alla pelle una protezione ottimale contro il fotoinvecchiamento.<\/p>","protected":false},"featured_media":2572,"template":"","meta":{"site-sidebar-layout":"default","site-content-layout":"","ast-site-content-layout":"default","site-content-style":"default","site-sidebar-style":"default","ast-global-header-display":"","ast-banner-title-visibility":"","ast-main-header-display":"","ast-hfb-above-header-display":"","ast-hfb-below-header-display":"","ast-hfb-mobile-header-display":"","site-post-title":"","ast-breadcrumbs-content":"","ast-featured-img":"","footer-sml-layout":"","theme-transparent-header-meta":"default","adv-header-id-meta":"","stick-header-meta":"","header-above-stick-meta":"","header-main-stick-meta":"","header-below-stick-meta":"","astra-migrate-meta-layouts":"set","ast-page-background-enabled":"default","ast-page-background-meta":{"desktop":{"background-color":"var(--ast-global-color-4)","background-image":"","background-repeat":"repeat","background-position":"center center","background-size":"auto","background-attachment":"scroll","background-type":"","background-media":"","overlay-type":"","overlay-color":"","overlay-opacity":"","overlay-gradient":""},"tablet":{"background-color":"","background-image":"","background-repeat":"repeat","background-position":"center center","background-size":"auto","background-attachment":"scroll","background-type":"","background-media":"","overlay-type":"","overlay-color":"","overlay-opacity":"","overlay-gradient":""},"mobile":{"background-color":"","background-image":"","background-repeat":"repeat","background-position":"center center","background-size":"auto","background-attachment":"scroll","background-type":"","background-media":"","overlay-type":"","overlay-color":"","overlay-opacity":"","overlay-gradient":""}},"ast-content-background-meta":{"desktop":{"background-color":"var(--ast-global-color-5)","background-image":"","background-repeat":"repeat","background-position":"center center","background-size":"auto","background-attachment":"scroll","background-type":"","background-media":"","overlay-type":"","overlay-color":"","overlay-opacity":"","overlay-gradient":""},"tablet":{"background-color":"var(--ast-global-color-5)","background-image":"","background-repeat":"repeat","background-position":"center center","background-size":"auto","background-attachment":"scroll","background-type":"","background-media":"","overlay-type":"","overlay-color":"","overlay-opacity":"","overlay-gradient":""},"mobile":{"background-color":"var(--ast-global-color-5)","background-image":"","background-repeat":"repeat","background-position":"center center","background-size":"auto","background-attachment":"scroll","background-type":"","background-media":"","overlay-type":"","overlay-color":"","overlay-opacity":"","overlay-gradient":""}}},"product_brand":[],"product_cat":[43],"product_tag":[],"class_list":{"0":"post-2387","1":"product","2":"type-product","3":"status-publish","4":"has-post-thumbnail","6":"product_cat-sothys","7":"desktop-align-left","8":"tablet-align-left","9":"mobile-align-left","11":"first","12":"instock","13":"shipping-taxable","14":"purchasable","15":"product-type-simple"},"_links":{"self":[{"href":"https:\/\/kozmetika-balance.si\/it\/wp-json\/wp\/v2\/product\/2387","targetHints":{"allow":["GET"]}}],"collection":[{"href":"https:\/\/kozmetika-balance.si\/it\/wp-json\/wp\/v2\/product"}],"about":[{"href":"https:\/\/kozmetika-balance.si\/it\/wp-json\/wp\/v2\/types\/product"}],"wp:featuredmedia":[{"embeddable":true,"href":"https:\/\/kozmetika-balance.si\/it\/wp-json\/wp\/v2\/media\/2572"}],"wp:attachment":[{"href":"https:\/\/kozmetika-balance.si\/it\/wp-json\/wp\/v2\/media?parent=2387"}],"wp:term":[{"taxonomy":"product_brand","embeddable":true,"href":"https:\/\/kozmetika-balance.si\/it\/wp-json\/wp\/v2\/product_brand?post=2387"},{"taxonomy":"product_cat","embeddable":true,"href":"https:\/\/kozmetika-balance.si\/it\/wp-json\/wp\/v2\/product_cat?post=2387"},{"taxonomy":"product_tag","embeddable":true,"href":"https:\/\/kozmetika-balance.si\/it\/wp-json\/wp\/v2\/product_tag?post=2387"}],"curies":[{"name":"wp","href":"https:\/\/api.w.org\/{rel}","templated":true}]}}