{"id":2377,"date":"2025-11-02T12:51:30","date_gmt":"2025-11-02T12:51:30","guid":{"rendered":"https:\/\/kozmetika-balance.si\/?post_type=product&#038;p=2377"},"modified":"2026-03-09T19:04:35","modified_gmt":"2026-03-09T19:04:35","slug":"sothys-athletics-hydra-protecting-face-cream-spf15-50-ml","status":"publish","type":"product","link":"https:\/\/kozmetika-balance.si\/it\/prodotto\/sothys-athletics-hydra-protecting-face-cream-spf15-50-ml\/","title":{"rendered":"SOTHYS ATHLETICS\u2122 CREMA VISO IDRATANTE - SPF15, 50 ML"},"content":{"rendered":"<div id=\"headingwml_sadrzaj\" class=\"card-header\" data-toggle=\"collapse\" data-target=\"#collapsewml_sadrzaj\" aria-expanded=\"true\" aria-controls=\"collapsewml_sadrzaj\"><\/div>\n<div id=\"collapsewml_sadrzaj\" class=\"collapse show\" aria-labelledby=\"headingwml_sadrzaj\" data-parent=\"#accordion\">\n<div class=\"card-body\">\n<div id=\"headingsazetak\" class=\"card-header\" data-toggle=\"collapse\" data-target=\"#collapsesazetak\" aria-expanded=\"true\" aria-controls=\"collapsesazetak\">\n<h5>Istruzioni per l'uso<i class=\"fal fa-plus\"><\/i><\/h5>\n<\/div>\n<div id=\"collapsesazetak\" class=\"collapse show\" aria-labelledby=\"headingsazetak\" data-parent=\"#accordion\">\n<div class=\"card-body\">\n<p>Applicare al mattino su viso e d\u00e9collet\u00e9. Evitare il contatto con gli occhi. Pu\u00f2 essere applicato anche su mani e braccia. Riapplicare quando si fa attivit\u00e0 fisica all'aperto. Lavare le mani dopo l'uso. In caso di esposizione al sole, integrare con una protezione solare su misura.<\/p>\n<p>Da usare anche quando non si fa attivit\u00e0 fisica per idratare e proteggere la pelle ogni giorno.<\/p>\n<\/div>\n<\/div>\n<\/div>\n<\/div>","protected":false},"excerpt":{"rendered":"<p>La soluzione per idratare e proteggere la pelle ogni giorno. Questa crema \u00e8 il partner perfetto per sostenere la pelle durante l'attivit\u00e0 fisica (disidratazione, sudorazione, esposizione ai raggi UV, alla luce blu, ecc. La pelle \u00e8 protetta da un velo idratante e opacizzante. Che siate attivi o meno nello sport, la vostra pelle \u00e8 sovraesposta alla luce blu, sia naturale (sole) che artificiale (schermi di smartphone, computer\/TV, ecc.). Contiene un complesso che protegge la pelle dall'invecchiamento quando \u00e8 esposta a questo tipo di radiazioni e glicerina, che agisce in modo idratante e protettivo.<\/p>\n<p><strong>Linea ATHLETICS<\/strong>\u00a0- Nonostante tutti i benefici che l'esercizio fisico pu\u00f2 apportare al corpo e alla mente, la pelle \u00e8 sottoposta a un forte stress durante l'attivit\u00e0 fisica: irritazioni, disidratazione e disagio. La linea \u00e8 stata studiata per rispondere alle esigenze della pelle in tutte queste condizioni specifiche. Che siate donne o uomini, atleti amatoriali o esperti, che vogliate mantenere il vostro fisico o semplicemente prendervi cura del vostro corpo, la linea Sothys Athletics\u2122 \u00e8 il partner perfetto da includere nel vostro rituale di benessere.<\/p>","protected":false},"featured_media":2543,"template":"","meta":{"site-sidebar-layout":"default","site-content-layout":"","ast-site-content-layout":"default","site-content-style":"default","site-sidebar-style":"default","ast-global-header-display":"","ast-banner-title-visibility":"","ast-main-header-display":"","ast-hfb-above-header-display":"","ast-hfb-below-header-display":"","ast-hfb-mobile-header-display":"","site-post-title":"","ast-breadcrumbs-content":"","ast-featured-img":"","footer-sml-layout":"","theme-transparent-header-meta":"default","adv-header-id-meta":"","stick-header-meta":"","header-above-stick-meta":"","header-main-stick-meta":"","header-below-stick-meta":"","astra-migrate-meta-layouts":"set","ast-page-background-enabled":"default","ast-page-background-meta":{"desktop":{"background-color":"var(--ast-global-color-4)","background-image":"","background-repeat":"repeat","background-position":"center center","background-size":"auto","background-attachment":"scroll","background-type":"","background-media":"","overlay-type":"","overlay-color":"","overlay-opacity":"","overlay-gradient":""},"tablet":{"background-color":"","background-image":"","background-repeat":"repeat","background-position":"center center","background-size":"auto","background-attachment":"scroll","background-type":"","background-media":"","overlay-type":"","overlay-color":"","overlay-opacity":"","overlay-gradient":""},"mobile":{"background-color":"","background-image":"","background-repeat":"repeat","background-position":"center center","background-size":"auto","background-attachment":"scroll","background-type":"","background-media":"","overlay-type":"","overlay-color":"","overlay-opacity":"","overlay-gradient":""}},"ast-content-background-meta":{"desktop":{"background-color":"var(--ast-global-color-5)","background-image":"","background-repeat":"repeat","background-position":"center center","background-size":"auto","background-attachment":"scroll","background-type":"","background-media":"","overlay-type":"","overlay-color":"","overlay-opacity":"","overlay-gradient":""},"tablet":{"background-color":"var(--ast-global-color-5)","background-image":"","background-repeat":"repeat","background-position":"center center","background-size":"auto","background-attachment":"scroll","background-type":"","background-media":"","overlay-type":"","overlay-color":"","overlay-opacity":"","overlay-gradient":""},"mobile":{"background-color":"var(--ast-global-color-5)","background-image":"","background-repeat":"repeat","background-position":"center center","background-size":"auto","background-attachment":"scroll","background-type":"","background-media":"","overlay-type":"","overlay-color":"","overlay-opacity":"","overlay-gradient":""}}},"product_brand":[],"product_cat":[43],"product_tag":[],"class_list":{"0":"post-2377","1":"product","2":"type-product","3":"status-publish","4":"has-post-thumbnail","6":"product_cat-sothys","7":"desktop-align-left","8":"tablet-align-left","9":"mobile-align-left","11":"first","12":"instock","13":"shipping-taxable","14":"purchasable","15":"product-type-simple"},"_links":{"self":[{"href":"https:\/\/kozmetika-balance.si\/it\/wp-json\/wp\/v2\/product\/2377","targetHints":{"allow":["GET"]}}],"collection":[{"href":"https:\/\/kozmetika-balance.si\/it\/wp-json\/wp\/v2\/product"}],"about":[{"href":"https:\/\/kozmetika-balance.si\/it\/wp-json\/wp\/v2\/types\/product"}],"wp:featuredmedia":[{"embeddable":true,"href":"https:\/\/kozmetika-balance.si\/it\/wp-json\/wp\/v2\/media\/2543"}],"wp:attachment":[{"href":"https:\/\/kozmetika-balance.si\/it\/wp-json\/wp\/v2\/media?parent=2377"}],"wp:term":[{"taxonomy":"product_brand","embeddable":true,"href":"https:\/\/kozmetika-balance.si\/it\/wp-json\/wp\/v2\/product_brand?post=2377"},{"taxonomy":"product_cat","embeddable":true,"href":"https:\/\/kozmetika-balance.si\/it\/wp-json\/wp\/v2\/product_cat?post=2377"},{"taxonomy":"product_tag","embeddable":true,"href":"https:\/\/kozmetika-balance.si\/it\/wp-json\/wp\/v2\/product_tag?post=2377"}],"curies":[{"name":"wp","href":"https:\/\/api.w.org\/{rel}","templated":true}]}}