{"id":2339,"date":"2025-11-01T16:53:39","date_gmt":"2025-11-01T16:53:39","guid":{"rendered":"https:\/\/kozmetika-balance.si\/?post_type=product&#038;p=2339"},"modified":"2026-03-09T19:04:36","modified_gmt":"2026-03-09T19:04:36","slug":"vitamin-c-expert-lahka-hranljiva-krema-45-ml","status":"publish","type":"product","link":"https:\/\/kozmetika-balance.si\/it\/prodotto\/vitamin-c-expert-lahka-hranljiva-krema-45-ml\/","title":{"rendered":"VITAMINA C EXPERT Crema nutriente leggera 45 ml"},"content":{"rendered":"<p>Tutto questo e altro ancora con un'unica grande formula che funziona allo stesso tempo\u00a0<strong>CONTRO L'INVECCHIAMENTO<\/strong>\u00a0e\u00a0<strong>IPERPIGMENTAZIONE.<\/strong><\/p>\n<p>A differenza delle classiche creme nutrienti, \u00e8\u00a0<strong>Crema nutriente alla VITAMINA C EXPERT<\/strong>\u00a0leggero e lubrificante al tatto, ma comunque molto nutriente.<\/p>\n<hr \/>\n<p><strong>Cosa offre?<\/strong><\/p>\n<ul>\n<li><strong>Effetto bagliore<\/strong>\u00a0- una carnagione naturalmente luminosa, uniforme e sana<\/li>\n<li>Funziona\u00a0<strong>anti-invecchiamento<\/strong>\u00a0e\u00a0<strong>anti-iperpigmentazione<\/strong><\/li>\n<li>Ricco\u00a0<strong>caricato da<\/strong>ma lascia la pelle morbida e traspirante<\/li>\n<li>Adatto anche alla pelle mista - si assorbe rapidamente,\u00a0<strong>senza ungere la pelle<\/strong><\/li>\n<\/ul>\n<p><strong>\u00a0EFFETTO 25 VOLTE PI\u00d9 FORTE\u00a0<\/strong><\/p>\n<p>Abbiamo incorporato nella crema una forma estremamente potente e non acida di vitamina C:\u00a0<strong>Tetraisopalmitato di ascorbile\u00a0<\/strong>dal Giappone, che lavora con\u00a0<strong>Effetto 25 volte pi\u00f9 forte<\/strong>\u00a0rispetto all'acido L-ascorbico comunemente utilizzato. Inoltre:<\/p>\n<ul>\n<li>NON TOCCARE LA PELLE<strong>:<\/strong>\u00a0non provoca desquamazione o bruciore della pelle<\/li>\n<li>\u00c8 ALTAMENTE STABILE<strong>:<\/strong>\u00a0non si ossida nel tempo ma mantiene la sua efficacia<\/li>\n<li>Arriva fino al derma: dove la pelle ne ha pi\u00f9 bisogno.<\/li>\n<\/ul>\n<p>&nbsp;<\/p>\n<p><strong>\u00a0ALTAMENTE NUTRIENTE, MA LEGGERO\u00a0<\/strong><\/p>\n<p>Se non vi piace la sensazione di pesantezza e untuosit\u00e0 che molte altre creme nutrienti lasciano sulla pelle, questa \u00e8 la crema che fa per voi.<\/p>\n<ul>\n<li>Nutre riccamente la pelle,\u00a0<strong>senza\u00a0<\/strong>nel farlo<strong>\u00a0\"appesantito\".<\/strong><\/li>\n<li>Nonostante la sua composizione altamente nutritiva, il\u00a0<strong>si assorbe rapidamente<\/strong>\u00a0e coccolare con\u00a0<strong>sensazione di velluto<\/strong>.<\/li>\n<li>Arricchito con una gamma di 100 oli nutrienti naturali %\u00a0<strong>\"blocca\" l'idratazione della pelle<\/strong>\u00a0e fornisce un'eccellente protezione contro la disidratazione.<\/li>\n<\/ul>\n<p>&nbsp;<\/p>\n<p><strong>\u00a0SCOPRITE IL POTERE DELLA VITAMINA C\u00a0<\/strong><\/p>\n<ol>\n<li>schiarisce le macchie scure e ne inibisce la formazione di nuove<strong>\u00a0IPERPIGMENTAZIONE<\/strong><\/li>\n<li>stimola la sintesi del collagene e riduce l'espressione di\u00a0<strong>GUB<\/strong><\/li>\n<li>azione antiossidante e protezione della pelle\u00a0<strong>FOTO<\/strong><\/li>\n<li>riduce i segni di stanchezza e la pelle<strong>\u00a0RINNOVAMENTO ENERGETICO<\/strong><\/li>\n<li>uniforma il tono della pelle e rivela un aspetto pi\u00f9\u00a0<strong>POLTONE LUCENTE<\/strong><\/li>\n<\/ol>\n<p><strong>\u00a0<\/strong><\/p>\n<p><strong>\u00a0CURA OLISTICA ANTI-ET\u00c0\u00a0<\/strong><\/p>\n<p>Ci\u00f2 che rende VITAMIN C EXPERT una crema nutriente leggera di qualit\u00e0 superiore non \u00e8 solo la vitamina C, ma anche e soprattutto la sua formulazione. Oltre alla vitamina C, contiene anche una serie di altre sostanze estremamente potenti.\u00a0<strong>antiossidanti<\/strong>, di alto valore<strong>\u00a0alimentato da\u00a0<\/strong>e distintamente\u00a0<strong>ingredienti protettivi<\/strong>che si integrano perfettamente tra loro per fornire alla pelle un trattamento antiet\u00e0 olistico ed efficace. Questi includono:<\/p>\n<ul>\n<li><strong>COMPLESSO DI CERAMIDE\u00a0<\/strong>per ripristinare e rafforzare la naturale barriera protettiva della pelle<\/li>\n<li><strong>TECNOLOGIA PROBIOTICA<\/strong>\u00a0per mantenere e sviluppare un microbioma cutaneo sano<\/li>\n<li><strong>LATTE DI RISO\u00a0<\/strong>per un'idratazione intensa, una pelle pi\u00f9 uniforme e meravigliosamente morbida<\/li>\n<li><strong>KOENCIM Q10\u00a0<\/strong>per proteggere la pelle dai danni causati dai radicali liberi<\/li>\n<li><strong>100 % OLI NATURALI<\/strong>\u00a0<strong>SIPKA, JOJOBE\u00a0<\/strong>e<strong>\u00a0MANDOLO<\/strong>\u00a0per un trattamento che nutre in modo affidabile anche la pelle pi\u00f9 secca<\/li>\n<\/ul>\n<p>&nbsp;<\/p>\n<p><strong>\u00a0RISULTATI CHE IMPRESSIONANO:\u00a0<\/strong><\/p>\n<p>Ridotto\u00a0<strong>anomalie pigmentarie*:\u00a0\u00a0\u00a0\u00a0\u00a0<\/strong><\/p>\n<p><img decoding=\"async\" src=\"https:\/\/webshop.afroditacosmetics.com\/slo\/image\/catalog\/Slike%20za%20proizvode%202024\/image002.png\" alt=\"\" \/><\/p>\n<p>Volume di piega ridotto: - 26 %*<\/p>\n<p><img decoding=\"async\" src=\"https:\/\/webshop.afroditacosmetics.com\/slo\/image\/catalog\/Slike%20za%20proizvode%202024\/image001.png\" alt=\"\" \/><\/p>\n<hr \/>\n<p>*Studio IN VIVO dopo 56 giorni di utilizzo<br \/>\n**Studio IN VIVO su 23 volontari dopo 56 giorni di utilizzo 2 volte al giorno<\/p>\n<p><strong>\u00a0 PER TUTTI I TIPI DI PELLE DOPO I 25 ANNI\u00a0\u00a0\u00a0<\/strong><\/p>\n<p>La crema \u00e8 ideale sia per\u00a0<strong>preventivo<\/strong>\u00a0cos\u00ec come\u00a0<strong>curativo<\/strong>\u00a0trattamento anti-et\u00e0. Consigliato a chi vuole proteggere la pelle dalla comparsa delle prime rughe e delle macchie pigmentarie, e a tutti coloro che le stanno gi\u00e0 sperimentando:<\/p>\n<ul>\n<li><strong>per la cura della pelle da normale a secca<\/strong><\/li>\n<li><strong>per la cura delle zone secche della pelle mista<\/strong><\/li>\n<li><strong>per il trattamento serale occasionale della pelle grassa<\/strong><\/li>\n<\/ul>\n<p>&nbsp;<\/p>\n<p>Ripara efficacemente i danni gi\u00e0 verificatisi e rappresenta un investimento per una pelle bella e sana in futuro.<\/p>\n<p><strong>\u00a0PER LA CURA DEL GIORNO E DELLA NOTTE\u00a0<\/strong><\/p>\n<p>La crema pu\u00f2 essere utilizzata<strong>\u00a0al mattino\u00a0<\/strong>e<strong>\u00a0routine serale\u00a0<\/strong>e\u00a0<strong>tutto l'anno, compresa l'estate<\/strong>. Contiene una forma estremamente stabile di vitamina C (Ascorbyl Tetraisopalmitate) che non si degrada a contatto con la luce solare. Inoltre, il suo potente effetto antiossidante supporta perfettamente l'azione delle creme SPF.<\/p>\n<p><strong>\u00a0DERMATOLOGICAMENTE TESTATO\u00a0<\/strong><\/p>","protected":false},"excerpt":{"rendered":"<p>La Crema Nutriente Vitamin C Expert non \u00e8 una classica crema nutriente.<\/p>\n<p>Lei\u00a0<b>Innovativa texture idratante e nutriente<\/b>\u00a0nutre abbondantemente la pelle senza appesantirla\u00a0<strong>ideale<\/strong>\u00a0anche per\u00a0<strong>tipi di pelle misti a partire dai 25 anni<\/strong>che desiderano il comfort senza la sensazione di unto,\u00a0<strong>365 giorni all'anno.<\/strong><\/p>\n<p>Dite addio alle macchie pigmentarie e ai segni dell'invecchiamento, e\u00a0<strong>curare una pelle illuminata, pi\u00f9 giovane e straordinariamente luminosa<\/strong>!<\/p>","protected":false},"featured_media":2340,"template":"","meta":{"site-sidebar-layout":"default","site-content-layout":"","ast-site-content-layout":"default","site-content-style":"default","site-sidebar-style":"default","ast-global-header-display":"","ast-banner-title-visibility":"","ast-main-header-display":"","ast-hfb-above-header-display":"","ast-hfb-below-header-display":"","ast-hfb-mobile-header-display":"","site-post-title":"","ast-breadcrumbs-content":"","ast-featured-img":"","footer-sml-layout":"","theme-transparent-header-meta":"default","adv-header-id-meta":"","stick-header-meta":"","header-above-stick-meta":"","header-main-stick-meta":"","header-below-stick-meta":"","astra-migrate-meta-layouts":"set","ast-page-background-enabled":"default","ast-page-background-meta":{"desktop":{"background-color":"var(--ast-global-color-4)","background-image":"","background-repeat":"repeat","background-position":"center center","background-size":"auto","background-attachment":"scroll","background-type":"","background-media":"","overlay-type":"","overlay-color":"","overlay-opacity":"","overlay-gradient":""},"tablet":{"background-color":"","background-image":"","background-repeat":"repeat","background-position":"center center","background-size":"auto","background-attachment":"scroll","background-type":"","background-media":"","overlay-type":"","overlay-color":"","overlay-opacity":"","overlay-gradient":""},"mobile":{"background-color":"","background-image":"","background-repeat":"repeat","background-position":"center center","background-size":"auto","background-attachment":"scroll","background-type":"","background-media":"","overlay-type":"","overlay-color":"","overlay-opacity":"","overlay-gradient":""}},"ast-content-background-meta":{"desktop":{"background-color":"var(--ast-global-color-5)","background-image":"","background-repeat":"repeat","background-position":"center center","background-size":"auto","background-attachment":"scroll","background-type":"","background-media":"","overlay-type":"","overlay-color":"","overlay-opacity":"","overlay-gradient":""},"tablet":{"background-color":"var(--ast-global-color-5)","background-image":"","background-repeat":"repeat","background-position":"center center","background-size":"auto","background-attachment":"scroll","background-type":"","background-media":"","overlay-type":"","overlay-color":"","overlay-opacity":"","overlay-gradient":""},"mobile":{"background-color":"var(--ast-global-color-5)","background-image":"","background-repeat":"repeat","background-position":"center center","background-size":"auto","background-attachment":"scroll","background-type":"","background-media":"","overlay-type":"","overlay-color":"","overlay-opacity":"","overlay-gradient":""}}},"product_brand":[],"product_cat":[42],"product_tag":[],"class_list":{"0":"post-2339","1":"product","2":"type-product","3":"status-publish","4":"has-post-thumbnail","6":"product_cat-afrodita","7":"desktop-align-left","8":"tablet-align-left","9":"mobile-align-left","11":"first","12":"instock","13":"shipping-taxable","14":"purchasable","15":"product-type-simple"},"_links":{"self":[{"href":"https:\/\/kozmetika-balance.si\/it\/wp-json\/wp\/v2\/product\/2339","targetHints":{"allow":["GET"]}}],"collection":[{"href":"https:\/\/kozmetika-balance.si\/it\/wp-json\/wp\/v2\/product"}],"about":[{"href":"https:\/\/kozmetika-balance.si\/it\/wp-json\/wp\/v2\/types\/product"}],"wp:featuredmedia":[{"embeddable":true,"href":"https:\/\/kozmetika-balance.si\/it\/wp-json\/wp\/v2\/media\/2340"}],"wp:attachment":[{"href":"https:\/\/kozmetika-balance.si\/it\/wp-json\/wp\/v2\/media?parent=2339"}],"wp:term":[{"taxonomy":"product_brand","embeddable":true,"href":"https:\/\/kozmetika-balance.si\/it\/wp-json\/wp\/v2\/product_brand?post=2339"},{"taxonomy":"product_cat","embeddable":true,"href":"https:\/\/kozmetika-balance.si\/it\/wp-json\/wp\/v2\/product_cat?post=2339"},{"taxonomy":"product_tag","embeddable":true,"href":"https:\/\/kozmetika-balance.si\/it\/wp-json\/wp\/v2\/product_tag?post=2339"}],"curies":[{"name":"wp","href":"https:\/\/api.w.org\/{rel}","templated":true}]}}