{"id":2331,"date":"2025-11-01T16:37:45","date_gmt":"2025-11-01T16:37:45","guid":{"rendered":"https:\/\/kozmetika-balance.si\/?post_type=product&#038;p=2331"},"modified":"2026-03-09T19:04:36","modified_gmt":"2026-03-09T19:04:36","slug":"multiactive-lifting-krema-spf-50-50-ml","status":"publish","type":"product","link":"https:\/\/kozmetika-balance.si\/it\/prodotto\/multiactive-lifting-krema-spf-50-50-ml\/","title":{"rendered":"Crema Lifting MULTIATTIVA SPF 50 ml"},"content":{"rendered":"<p><strong>PROTEZIONE TOP<\/strong><\/p>\n<p>UVB:<strong>\u00a050\u00a0<\/strong>\u01c0 UVA<strong>: 31,8<\/strong><\/p>\n<ul>\n<li>La crema si distingue per\u00a0<strong>valore di protezione UVA estremamente elevato: 31,8<\/strong>che \u00e8 ben al di sopra del minimo legale (16,7).<\/li>\n<li>Stabilisce un'efficace\u00a0<strong>protezione contro la fotostasi<\/strong>\u00a0e\u00a0<strong>la formazione di macchie pigmentarie<\/strong>causati dai pericolosi raggi UVA.<\/li>\n<\/ul>\n<p>&nbsp;<\/p>\n<p><strong>POTENTE FORMULA ANTI-ET\u00c0<\/strong><br \/>\ncon i peptidi Matrixyl<sup>\u00ae<\/sup>\u00a03000<\/p>\n<ul>\n<li>rinnovato da\u00a0<strong>cellule della pelle<\/strong><\/li>\n<li>riduce l'espressione<strong>\u00a0gub<\/strong><\/li>\n<li>pelle visibilmente<strong>\u00a0modifica<\/strong><\/li>\n<\/ul>\n<p><strong>+\u00a0<\/strong>Arricchito con\u00a0<strong>agli squalani\u00a0<\/strong>e\u00a0<strong>100 % naturale<\/strong>\u00a0<strong>burro di cupuacu\u00a0<\/strong>\u00e8 anche altamente nutriente.<\/p>\n<p>&nbsp;<\/p>\n<p><strong>ATTRIBUTI CHE IMPRESSIONANO<\/strong><\/p>\n<ul>\n<li><strong>PROTEGGE DAI RAGGI DELL'INTERO SPETTRO LUMINOSO\u00a0<\/strong>(protezione FULL LIGHT)<br \/>\nUVA + UVB + IR + HEVL (parte rossa) + luce blu<\/li>\n<li><strong>CONTIENE FILTRI UV DI NUOVA GENERAZIONE,<\/strong><br \/>\n\u00e8 dimostrato che \u00e8 pi\u00f9 delicato per la pelle e per l'ambiente (rispetto ai filtri convenzionali)<\/li>\n<li><strong>SENZA\u00a0<\/strong><strong>OCTOCRILENE E METOSSICINNAMATO DI ETILE<\/strong>che minacciano la vita marina<\/li>\n<li><strong>RISOLTO<\/strong>riducendo ulteriormente il potenziale di irritazione della pelle e degli occhi.<\/li>\n<li><strong>DERMATOLOGICAMENTE TESTATO<\/strong>\u00a0e adatto alla pelle sensibile<\/li>\n<li><strong>IDEALE PER L'USO QUOTIDIANO<\/strong><br \/>\nI raggi UVA sono ugualmente intensi durante tutto il giorno e in tutti i giorni dell'anno, anche in inverno e nelle giornate nuvolose, e sono la causa principale dell'invecchiamento cutaneo.<\/li>\n<\/ul>\n<p>&nbsp;<\/p>\n<p>La Crema Lifting SPF 50 semplifica la vostra routine quotidiana di cura della pelle.<\/p>\n<p><strong>Combina il potere di una crema nutriente, ringiovanente e protettiva.<br \/>\nCos\u00ec non \u00e8 pi\u00f9 necessario applicare due o tre creme al mattino, ma solo una.<\/strong><\/p>\n<p><strong>\u00a0<\/strong><\/p>\n<hr \/>\n<p><strong>0 %\u00a0<\/strong>profumi, paraffina, alcool e coloranti<\/p>\n<p>Con un effetto visibile<br \/>\n<strong>RIDUZIONI DEL MOVIMENTO<\/strong>:<\/p>\n<p><strong>&#8211; 43,7 %*<\/strong><\/p>\n<p>*Studio IN VIVO su 23 volontari dopo 2 mesi di utilizzo 2 volte al giorno.<\/p>","protected":false},"excerpt":{"rendered":"<p>Molto pi\u00f9 di una normale crema solare.<br \/>\n<strong>Alta protezione, cura intensiva e ringiovanimento in un'unica super formula!<\/strong><\/p>\n<p><strong>Tipo di pelle:\u00a0<\/strong>pelle da secca a normale dopo circa 30 anni di et\u00e0<\/p>\n<p><strong>Condizioni della pelle<\/strong>: rughe marcate; perdita di compattezza; pelle soggetta a invecchiamento precoce; pelle soggetta a pigmentazione; pelle fortemente esposta ai raggi UV (attivit\u00e0 all'aperto).<\/p>","protected":false},"featured_media":2332,"template":"","meta":{"site-sidebar-layout":"default","site-content-layout":"","ast-site-content-layout":"default","site-content-style":"default","site-sidebar-style":"default","ast-global-header-display":"","ast-banner-title-visibility":"","ast-main-header-display":"","ast-hfb-above-header-display":"","ast-hfb-below-header-display":"","ast-hfb-mobile-header-display":"","site-post-title":"","ast-breadcrumbs-content":"","ast-featured-img":"","footer-sml-layout":"","theme-transparent-header-meta":"default","adv-header-id-meta":"","stick-header-meta":"","header-above-stick-meta":"","header-main-stick-meta":"","header-below-stick-meta":"","astra-migrate-meta-layouts":"set","ast-page-background-enabled":"default","ast-page-background-meta":{"desktop":{"background-color":"var(--ast-global-color-4)","background-image":"","background-repeat":"repeat","background-position":"center center","background-size":"auto","background-attachment":"scroll","background-type":"","background-media":"","overlay-type":"","overlay-color":"","overlay-opacity":"","overlay-gradient":""},"tablet":{"background-color":"","background-image":"","background-repeat":"repeat","background-position":"center center","background-size":"auto","background-attachment":"scroll","background-type":"","background-media":"","overlay-type":"","overlay-color":"","overlay-opacity":"","overlay-gradient":""},"mobile":{"background-color":"","background-image":"","background-repeat":"repeat","background-position":"center center","background-size":"auto","background-attachment":"scroll","background-type":"","background-media":"","overlay-type":"","overlay-color":"","overlay-opacity":"","overlay-gradient":""}},"ast-content-background-meta":{"desktop":{"background-color":"var(--ast-global-color-5)","background-image":"","background-repeat":"repeat","background-position":"center center","background-size":"auto","background-attachment":"scroll","background-type":"","background-media":"","overlay-type":"","overlay-color":"","overlay-opacity":"","overlay-gradient":""},"tablet":{"background-color":"var(--ast-global-color-5)","background-image":"","background-repeat":"repeat","background-position":"center center","background-size":"auto","background-attachment":"scroll","background-type":"","background-media":"","overlay-type":"","overlay-color":"","overlay-opacity":"","overlay-gradient":""},"mobile":{"background-color":"var(--ast-global-color-5)","background-image":"","background-repeat":"repeat","background-position":"center center","background-size":"auto","background-attachment":"scroll","background-type":"","background-media":"","overlay-type":"","overlay-color":"","overlay-opacity":"","overlay-gradient":""}}},"product_brand":[],"product_cat":[42],"product_tag":[],"class_list":{"0":"post-2331","1":"product","2":"type-product","3":"status-publish","4":"has-post-thumbnail","6":"product_cat-afrodita","7":"desktop-align-left","8":"tablet-align-left","9":"mobile-align-left","11":"first","12":"instock","13":"shipping-taxable","14":"purchasable","15":"product-type-simple"},"_links":{"self":[{"href":"https:\/\/kozmetika-balance.si\/it\/wp-json\/wp\/v2\/product\/2331","targetHints":{"allow":["GET"]}}],"collection":[{"href":"https:\/\/kozmetika-balance.si\/it\/wp-json\/wp\/v2\/product"}],"about":[{"href":"https:\/\/kozmetika-balance.si\/it\/wp-json\/wp\/v2\/types\/product"}],"wp:featuredmedia":[{"embeddable":true,"href":"https:\/\/kozmetika-balance.si\/it\/wp-json\/wp\/v2\/media\/2332"}],"wp:attachment":[{"href":"https:\/\/kozmetika-balance.si\/it\/wp-json\/wp\/v2\/media?parent=2331"}],"wp:term":[{"taxonomy":"product_brand","embeddable":true,"href":"https:\/\/kozmetika-balance.si\/it\/wp-json\/wp\/v2\/product_brand?post=2331"},{"taxonomy":"product_cat","embeddable":true,"href":"https:\/\/kozmetika-balance.si\/it\/wp-json\/wp\/v2\/product_cat?post=2331"},{"taxonomy":"product_tag","embeddable":true,"href":"https:\/\/kozmetika-balance.si\/it\/wp-json\/wp\/v2\/product_tag?post=2331"}],"curies":[{"name":"wp","href":"https:\/\/api.w.org\/{rel}","templated":true}]}}