{"id":2305,"date":"2025-11-01T15:45:14","date_gmt":"2025-11-01T15:45:14","guid":{"rendered":"https:\/\/kozmetika-balance.si\/?post_type=product&#038;p=2305"},"modified":"2026-03-09T19:04:37","modified_gmt":"2026-03-09T19:04:37","slug":"clean-up-penec-cistilni-gel-190-ml","status":"publish","type":"product","link":"https:\/\/kozmetika-balance.si\/it\/prodotto\/clean-up-penec-cistilni-gel-190-ml\/","title":{"rendered":"CLEAN UP Gel detergente schiumoso 190 ml"},"content":{"rendered":"<p><strong>ATTRIBUTI CHE ISPIRANO:<\/strong><\/p>\n<ul>\n<li>rimuove accuratamente la superficie\u00a0<strong>impurit\u00e0<\/strong><\/li>\n<li>rimozione eccellente\u00a0<strong>trucco<\/strong><\/li>\n<li>particolarmente delicato per\u00a0<strong>barriere cutanee<\/strong><\/li>\n<li>Piacevole\u00a0<strong>formulazione frizzante<\/strong><\/li>\n<li>delicato a\u00a0<strong>pelle intorno agli occhi<\/strong><\/li>\n<li>adatto anche per la pulizia\u00a0<strong>ciglia finte<\/strong><\/li>\n<\/ul>\n<p>&nbsp;<\/p>\n<p><strong>ALTA CONCENTRAZIONE DI NIACINAMIDE<\/strong><\/p>\n<ul>\n<li>pelle intensiva<strong>\u00a0umido<\/strong><\/li>\n<li>aiuta a prevenire<strong>\u00a0Drenaggio<\/strong><\/li>\n<li>offre comfort\u00a0<strong>nessuna spiacevole sensazione di tensione<\/strong><\/li>\n<\/ul>\n<p><strong>\u00a0<\/strong><\/p>\n<p>Dimenticatevi la sensazione di \"irrigidimento\" e godetevi una pelle morbida e meravigliosamente elastica.<\/p>\n<hr \/>\n<p><strong>92,7 %\u00a0<\/strong>ingredienti di origine naturale<br \/>\n<strong>0 %\u00a0<\/strong>Alcool &amp; solfati &amp; siliconi &amp; saponi &amp; coloranti<\/p>\n<p><strong>\u00a0<\/strong><\/p>","protected":false},"excerpt":{"rendered":"<p>Umidit\u00e0, umidit\u00e0, umidit\u00e0... anche durante la pulizia!<br \/>\n<strong>Il gel detergente schiumogeno lascia la pelle perfettamente pulita e per nulla secca.<\/strong><\/p>\n<hr \/>\n<p><strong>DETERGENTE ULTRA IDRATANTE<\/strong><\/p>\n<p>adatto a tutti i tipi di pelle.<\/p>\n<p>Particolarmente indicato per le pelli carenti di idratazione.<\/p>","protected":false},"featured_media":2306,"template":"","meta":{"site-sidebar-layout":"default","site-content-layout":"","ast-site-content-layout":"default","site-content-style":"default","site-sidebar-style":"default","ast-global-header-display":"","ast-banner-title-visibility":"","ast-main-header-display":"","ast-hfb-above-header-display":"","ast-hfb-below-header-display":"","ast-hfb-mobile-header-display":"","site-post-title":"","ast-breadcrumbs-content":"","ast-featured-img":"","footer-sml-layout":"","theme-transparent-header-meta":"default","adv-header-id-meta":"","stick-header-meta":"","header-above-stick-meta":"","header-main-stick-meta":"","header-below-stick-meta":"","astra-migrate-meta-layouts":"set","ast-page-background-enabled":"default","ast-page-background-meta":{"desktop":{"background-color":"var(--ast-global-color-4)","background-image":"","background-repeat":"repeat","background-position":"center center","background-size":"auto","background-attachment":"scroll","background-type":"","background-media":"","overlay-type":"","overlay-color":"","overlay-opacity":"","overlay-gradient":""},"tablet":{"background-color":"","background-image":"","background-repeat":"repeat","background-position":"center center","background-size":"auto","background-attachment":"scroll","background-type":"","background-media":"","overlay-type":"","overlay-color":"","overlay-opacity":"","overlay-gradient":""},"mobile":{"background-color":"","background-image":"","background-repeat":"repeat","background-position":"center center","background-size":"auto","background-attachment":"scroll","background-type":"","background-media":"","overlay-type":"","overlay-color":"","overlay-opacity":"","overlay-gradient":""}},"ast-content-background-meta":{"desktop":{"background-color":"var(--ast-global-color-5)","background-image":"","background-repeat":"repeat","background-position":"center center","background-size":"auto","background-attachment":"scroll","background-type":"","background-media":"","overlay-type":"","overlay-color":"","overlay-opacity":"","overlay-gradient":""},"tablet":{"background-color":"var(--ast-global-color-5)","background-image":"","background-repeat":"repeat","background-position":"center center","background-size":"auto","background-attachment":"scroll","background-type":"","background-media":"","overlay-type":"","overlay-color":"","overlay-opacity":"","overlay-gradient":""},"mobile":{"background-color":"var(--ast-global-color-5)","background-image":"","background-repeat":"repeat","background-position":"center center","background-size":"auto","background-attachment":"scroll","background-type":"","background-media":"","overlay-type":"","overlay-color":"","overlay-opacity":"","overlay-gradient":""}}},"product_brand":[],"product_cat":[42],"product_tag":[],"class_list":{"0":"post-2305","1":"product","2":"type-product","3":"status-publish","4":"has-post-thumbnail","6":"product_cat-afrodita","7":"desktop-align-left","8":"tablet-align-left","9":"mobile-align-left","11":"first","12":"instock","13":"shipping-taxable","14":"purchasable","15":"product-type-simple"},"_links":{"self":[{"href":"https:\/\/kozmetika-balance.si\/it\/wp-json\/wp\/v2\/product\/2305","targetHints":{"allow":["GET"]}}],"collection":[{"href":"https:\/\/kozmetika-balance.si\/it\/wp-json\/wp\/v2\/product"}],"about":[{"href":"https:\/\/kozmetika-balance.si\/it\/wp-json\/wp\/v2\/types\/product"}],"wp:featuredmedia":[{"embeddable":true,"href":"https:\/\/kozmetika-balance.si\/it\/wp-json\/wp\/v2\/media\/2306"}],"wp:attachment":[{"href":"https:\/\/kozmetika-balance.si\/it\/wp-json\/wp\/v2\/media?parent=2305"}],"wp:term":[{"taxonomy":"product_brand","embeddable":true,"href":"https:\/\/kozmetika-balance.si\/it\/wp-json\/wp\/v2\/product_brand?post=2305"},{"taxonomy":"product_cat","embeddable":true,"href":"https:\/\/kozmetika-balance.si\/it\/wp-json\/wp\/v2\/product_cat?post=2305"},{"taxonomy":"product_tag","embeddable":true,"href":"https:\/\/kozmetika-balance.si\/it\/wp-json\/wp\/v2\/product_tag?post=2305"}],"curies":[{"name":"wp","href":"https:\/\/api.w.org\/{rel}","templated":true}]}}