{"id":1698,"date":"2025-02-10T05:48:35","date_gmt":"2025-02-10T05:48:35","guid":{"rendered":"https:\/\/devsta.eu\/?post_type=product&#038;p=1698"},"modified":"2025-12-24T09:50:17","modified_gmt":"2025-12-24T09:50:17","slug":"microblading-obrvi","status":"publish","type":"product","link":"https:\/\/kozmetika-balance.si\/it\/prodotto\/microblading-obrvi\/","title":{"rendered":"MICROBLADING DELLE SOPRACCIGLIA"},"content":{"rendered":"<p>Prezzo:\u00a0<b>190.00\u00a0\u20ac<\/b><\/p>","protected":false},"excerpt":{"rendered":"<p><b>Microblading delle sopracciglia\u00a0<\/b>- Il metodo giapponese della matita per sopracciglia 3D \u00e8 la tecnica di trucco permanente manuale pi\u00f9 popolare, adatta a tutti coloro che desiderano sopracciglia dall'aspetto pi\u00f9 naturale.<br \/>\n<b><br \/>\nMicroblading delle sopracciglia\u00a0<\/b>- Il metodo giapponese di modellamento delle sopracciglia \u00e8 un metodo in cui i peli delle sopracciglia o le sopracciglia vengono inseriti tra i peli esistenti con una speciale micro-lama in modo che siano in linea con l'aspetto e la direzione di crescita del resto dei peli delle sopracciglia, ottenendo cos\u00ec un aspetto 100 % naturale delle sopracciglia.<br \/>\nLa procedura di microblading del metodo giapponese di contorno sopracciglia si rivolge principalmente ai clienti che desiderano ottenere un look naturale. Il risultato del metodo J.D.C. \u00e8 cos\u00ec naturale che non si nota affatto che i peli sono stati disegnati.<br \/>\n\u00c8 particolarmente indicato per il riempimento di sopracciglia rade e asimmetriche, nonch\u00e9 per quelle la cui forma e spessore naturali sono stati distrutti da una spiumatura prolungata e per quelle che hanno perso le sopracciglia a causa di malattie o altri motivi.<\/p>","protected":false},"featured_media":1482,"template":"","meta":{"site-sidebar-layout":"default","site-content-layout":"","ast-site-content-layout":"default","site-content-style":"default","site-sidebar-style":"default","ast-global-header-display":"","ast-banner-title-visibility":"","ast-main-header-display":"","ast-hfb-above-header-display":"","ast-hfb-below-header-display":"","ast-hfb-mobile-header-display":"","site-post-title":"","ast-breadcrumbs-content":"","ast-featured-img":"","footer-sml-layout":"","theme-transparent-header-meta":"default","adv-header-id-meta":"","stick-header-meta":"","header-above-stick-meta":"","header-main-stick-meta":"","header-below-stick-meta":"","astra-migrate-meta-layouts":"set","ast-page-background-enabled":"default","ast-page-background-meta":{"desktop":{"background-color":"var(--ast-global-color-4)","background-image":"","background-repeat":"repeat","background-position":"center center","background-size":"auto","background-attachment":"scroll","background-type":"","background-media":"","overlay-type":"","overlay-color":"","overlay-opacity":"","overlay-gradient":""},"tablet":{"background-color":"","background-image":"","background-repeat":"repeat","background-position":"center center","background-size":"auto","background-attachment":"scroll","background-type":"","background-media":"","overlay-type":"","overlay-color":"","overlay-opacity":"","overlay-gradient":""},"mobile":{"background-color":"","background-image":"","background-repeat":"repeat","background-position":"center center","background-size":"auto","background-attachment":"scroll","background-type":"","background-media":"","overlay-type":"","overlay-color":"","overlay-opacity":"","overlay-gradient":""}},"ast-content-background-meta":{"desktop":{"background-color":"var(--ast-global-color-5)","background-image":"","background-repeat":"repeat","background-position":"center center","background-size":"auto","background-attachment":"scroll","background-type":"","background-media":"","overlay-type":"","overlay-color":"","overlay-opacity":"","overlay-gradient":""},"tablet":{"background-color":"var(--ast-global-color-5)","background-image":"","background-repeat":"repeat","background-position":"center center","background-size":"auto","background-attachment":"scroll","background-type":"","background-media":"","overlay-type":"","overlay-color":"","overlay-opacity":"","overlay-gradient":""},"mobile":{"background-color":"var(--ast-global-color-5)","background-image":"","background-repeat":"repeat","background-position":"center center","background-size":"auto","background-attachment":"scroll","background-type":"","background-media":"","overlay-type":"","overlay-color":"","overlay-opacity":"","overlay-gradient":""}}},"product_brand":[],"product_cat":[38],"product_tag":[],"class_list":{"0":"post-1698","1":"product","2":"type-product","3":"status-publish","4":"has-post-thumbnail","6":"product_cat-japonska-metoda-vrisovanja-obrvi","7":"desktop-align-left","8":"tablet-align-left","9":"mobile-align-left","11":"first","12":"instock","13":"shipping-taxable","14":"purchasable","15":"product-type-simple"},"_links":{"self":[{"href":"https:\/\/kozmetika-balance.si\/it\/wp-json\/wp\/v2\/product\/1698","targetHints":{"allow":["GET"]}}],"collection":[{"href":"https:\/\/kozmetika-balance.si\/it\/wp-json\/wp\/v2\/product"}],"about":[{"href":"https:\/\/kozmetika-balance.si\/it\/wp-json\/wp\/v2\/types\/product"}],"wp:featuredmedia":[{"embeddable":true,"href":"https:\/\/kozmetika-balance.si\/it\/wp-json\/wp\/v2\/media\/1482"}],"wp:attachment":[{"href":"https:\/\/kozmetika-balance.si\/it\/wp-json\/wp\/v2\/media?parent=1698"}],"wp:term":[{"taxonomy":"product_brand","embeddable":true,"href":"https:\/\/kozmetika-balance.si\/it\/wp-json\/wp\/v2\/product_brand?post=1698"},{"taxonomy":"product_cat","embeddable":true,"href":"https:\/\/kozmetika-balance.si\/it\/wp-json\/wp\/v2\/product_cat?post=1698"},{"taxonomy":"product_tag","embeddable":true,"href":"https:\/\/kozmetika-balance.si\/it\/wp-json\/wp\/v2\/product_tag?post=1698"}],"curies":[{"name":"wp","href":"https:\/\/api.w.org\/{rel}","templated":true}]}}