{"id":1635,"date":"2025-02-09T16:22:48","date_gmt":"2025-02-09T16:22:48","guid":{"rendered":"https:\/\/devsta.eu\/?post_type=product&#038;p=1635"},"modified":"2025-02-13T13:34:11","modified_gmt":"2025-02-13T13:34:11","slug":"kavitacija","status":"publish","type":"product","link":"https:\/\/kozmetika-balance.si\/it\/prodotto\/kavitacija\/","title":{"rendered":"CAVITAZIONE"},"content":{"rendered":"<p>Durata:\u00a0<b>40 min<\/b><\/p>\n<p>Prezzo: 70<b>.00 \u20ac<\/b><\/p>","protected":false},"excerpt":{"rendered":"<p>La macchina per la cavitazione VACaVite \u00e8 una macchina unica che combina tre metodi terapeutici avanzati: cavitazione, cavitazione sotto vuoto e terapia RDT. La cavitazione \u00e8 il primo metodo clinicamente provato per distruggere le cellule adipose ed eliminare i depositi di grasso. Cosa succede nelle cellule adipose dopo la terapia di cavitazione? Quando iniziamo a lavorare su un'area specifica del corpo con la cavitazione, gli ultrasuoni innescano la formazione di bolle nelle cellule adipose ingrossate. Queste bolle crescono fino a una certa dimensione e poi collassano su se stesse. In questo modo si libera energia sotto forma di calore e pressione. Quest'ultima rompe facilmente le cellule di grasso ingrossate nel tessuto sottocutaneo, poich\u00e9 non sono resistenti alle vibrazioni che ne derivano. In questo modo, la cellula grassa viene realmente distrutta.<\/p>\n<p><b>Cosa succede al grasso rilasciato dopo la cavitazione?<\/b><br \/>\nIl grasso delle cellule adipose rotte viene rilasciato sotto forma di trigliceridi nel liquido intercellulare, dove viene scomposto dagli enzimi in glicerolo e acidi grassi liberi. Il glicerolo idrosolubile entra nel flusso sanguigno. Ci\u00f2 significa una fonte aggiuntiva di energia per l'organismo, che deve essere utilizzata con urgenza. Gli acidi grassi liberi insolubili arrivano al fegato, dove vengono scomposti. Per questo motivo, si consiglia di bere t\u00e8 o acqua non zuccherati.<\/p>\n<p><b>Perch\u00e9 \u00e8 importante l'esercizio fisico dopo la cavitazione?<\/b><br \/>\nOra sappiamo che abbiamo immesso nel sangue energia extra che dobbiamo consumare. L'energia extra dopo la cavitazione verr\u00e0 bruciata con l'esercizio fisico e cardio, la sauna a infrarossi o la termoaromaterapia, dove il corpo suder\u00e0 bene e brucer\u00e0 molte calorie. Se questa energia non viene consumata con l'attivit\u00e0 fisica, ricomincer\u00e0 ad accumularsi e il processo di cavitazione avr\u00e0 meno effetto.<\/p>\n<p>Dopo la cavitazione, si esegue la presoterapia o la stimolazione elettrica.<\/p>","protected":false},"featured_media":1497,"template":"","meta":{"site-sidebar-layout":"default","site-content-layout":"","ast-site-content-layout":"default","site-content-style":"default","site-sidebar-style":"default","ast-global-header-display":"","ast-banner-title-visibility":"","ast-main-header-display":"","ast-hfb-above-header-display":"","ast-hfb-below-header-display":"","ast-hfb-mobile-header-display":"","site-post-title":"","ast-breadcrumbs-content":"","ast-featured-img":"","footer-sml-layout":"","theme-transparent-header-meta":"default","adv-header-id-meta":"","stick-header-meta":"","header-above-stick-meta":"","header-main-stick-meta":"","header-below-stick-meta":"","astra-migrate-meta-layouts":"set","ast-page-background-enabled":"default","ast-page-background-meta":{"desktop":{"background-color":"var(--ast-global-color-4)","background-image":"","background-repeat":"repeat","background-position":"center center","background-size":"auto","background-attachment":"scroll","background-type":"","background-media":"","overlay-type":"","overlay-color":"","overlay-opacity":"","overlay-gradient":""},"tablet":{"background-color":"","background-image":"","background-repeat":"repeat","background-position":"center center","background-size":"auto","background-attachment":"scroll","background-type":"","background-media":"","overlay-type":"","overlay-color":"","overlay-opacity":"","overlay-gradient":""},"mobile":{"background-color":"","background-image":"","background-repeat":"repeat","background-position":"center center","background-size":"auto","background-attachment":"scroll","background-type":"","background-media":"","overlay-type":"","overlay-color":"","overlay-opacity":"","overlay-gradient":""}},"ast-content-background-meta":{"desktop":{"background-color":"var(--ast-global-color-5)","background-image":"","background-repeat":"repeat","background-position":"center center","background-size":"auto","background-attachment":"scroll","background-type":"","background-media":"","overlay-type":"","overlay-color":"","overlay-opacity":"","overlay-gradient":""},"tablet":{"background-color":"var(--ast-global-color-5)","background-image":"","background-repeat":"repeat","background-position":"center center","background-size":"auto","background-attachment":"scroll","background-type":"","background-media":"","overlay-type":"","overlay-color":"","overlay-opacity":"","overlay-gradient":""},"mobile":{"background-color":"var(--ast-global-color-5)","background-image":"","background-repeat":"repeat","background-position":"center center","background-size":"auto","background-attachment":"scroll","background-type":"","background-media":"","overlay-type":"","overlay-color":"","overlay-opacity":"","overlay-gradient":""}}},"product_brand":[],"product_cat":[34],"product_tag":[],"class_list":{"0":"post-1635","1":"product","2":"type-product","3":"status-publish","4":"has-post-thumbnail","6":"product_cat-oblikovanje-telesa","7":"desktop-align-left","8":"tablet-align-left","9":"mobile-align-left","11":"first","12":"instock","13":"shipping-taxable","14":"purchasable","15":"product-type-simple"},"_links":{"self":[{"href":"https:\/\/kozmetika-balance.si\/it\/wp-json\/wp\/v2\/product\/1635","targetHints":{"allow":["GET"]}}],"collection":[{"href":"https:\/\/kozmetika-balance.si\/it\/wp-json\/wp\/v2\/product"}],"about":[{"href":"https:\/\/kozmetika-balance.si\/it\/wp-json\/wp\/v2\/types\/product"}],"wp:featuredmedia":[{"embeddable":true,"href":"https:\/\/kozmetika-balance.si\/it\/wp-json\/wp\/v2\/media\/1497"}],"wp:attachment":[{"href":"https:\/\/kozmetika-balance.si\/it\/wp-json\/wp\/v2\/media?parent=1635"}],"wp:term":[{"taxonomy":"product_brand","embeddable":true,"href":"https:\/\/kozmetika-balance.si\/it\/wp-json\/wp\/v2\/product_brand?post=1635"},{"taxonomy":"product_cat","embeddable":true,"href":"https:\/\/kozmetika-balance.si\/it\/wp-json\/wp\/v2\/product_cat?post=1635"},{"taxonomy":"product_tag","embeddable":true,"href":"https:\/\/kozmetika-balance.si\/it\/wp-json\/wp\/v2\/product_tag?post=1635"}],"curies":[{"name":"wp","href":"https:\/\/api.w.org\/{rel}","templated":true}]}}