{"id":1621,"date":"2025-02-09T15:59:54","date_gmt":"2025-02-09T15:59:54","guid":{"rendered":"https:\/\/devsta.eu\/?post_type=product&#038;p=1621"},"modified":"2026-03-26T10:09:21","modified_gmt":"2026-03-26T10:09:21","slug":"aktivne-akne","status":"publish","type":"product","link":"https:\/\/kozmetika-balance.si\/it\/prodotto\/aktivne-akne\/","title":{"rendered":"ACNE ATTIVA"},"content":{"rendered":"<p>Prezzo: 6<b>0.00\u00a0\u20ac<\/b><\/p>","protected":false},"excerpt":{"rendered":"<p>L'acne \u00e8 una malattia delle unit\u00e0 pilosebacee (strutture della pelle costituite dal follicolo pilifero e dalla ghiandola sebacea che lo accompagna). La forma pi\u00f9 comune di acne \u00e8 chiamata \"acne vulgaris\" (\"acne normale\"). Una quantit\u00e0 eccessiva di sebo, insieme alle cellule morte della pelle, ostruisce i follicoli piliferi. Sotto il poro ostruito si crea un ambiente perfetto per la moltiplicazione del batterio Propionibacterium acnes (P. acnes), che reagisce ai batteri infiammandosi e causando danni visibili alla pelle. L'acne \u00e8 pi\u00f9 comune su viso, petto, schiena, spalle e braccia.<br \/>\nLe lesioni cutanee pi\u00f9 comuni causate dall'acne sono: brufoli, comedoni, punti neri, pustole, noduli e cisti. Cicatrici evidenti e antiestetiche possono rimanere sulla pelle anche dopo la scomparsa dell'acne.<br \/>\nL'acne \u00e8 molto comune durante la pubert\u00e0 come risposta anomala alle normali quantit\u00e0 di testosterone, ormone maschile. Nella maggior parte delle persone, questa risposta si indebolisce con il tempo, per cui l'acne di solito scompare dopo i 20 anni. Tuttavia, non \u00e8 possibile prevedere il tempo necessario per la scomparsa dell'acne. Alcune persone continuano a soffrire di acne fino ai quarant'anni.<\/p>\n<p>Il P. acne produce porfirina come parte del suo ciclo vitale. Quando viene esposta alla luce visibile (lunghezza d'onda compresa tra 310 e 510 nm), la porfirina diventa chimicamente attiva e innesca una reazione biochimica che uccide il batterio P. acne.<\/p>","protected":false},"featured_media":1625,"template":"","meta":{"site-sidebar-layout":"default","site-content-layout":"","ast-site-content-layout":"default","site-content-style":"default","site-sidebar-style":"default","ast-global-header-display":"","ast-banner-title-visibility":"","ast-main-header-display":"","ast-hfb-above-header-display":"","ast-hfb-below-header-display":"","ast-hfb-mobile-header-display":"","site-post-title":"","ast-breadcrumbs-content":"","ast-featured-img":"","footer-sml-layout":"","theme-transparent-header-meta":"default","adv-header-id-meta":"","stick-header-meta":"","header-above-stick-meta":"","header-main-stick-meta":"","header-below-stick-meta":"","astra-migrate-meta-layouts":"set","ast-page-background-enabled":"default","ast-page-background-meta":{"desktop":{"background-color":"var(--ast-global-color-4)","background-image":"","background-repeat":"repeat","background-position":"center center","background-size":"auto","background-attachment":"scroll","background-type":"","background-media":"","overlay-type":"","overlay-color":"","overlay-opacity":"","overlay-gradient":""},"tablet":{"background-color":"","background-image":"","background-repeat":"repeat","background-position":"center center","background-size":"auto","background-attachment":"scroll","background-type":"","background-media":"","overlay-type":"","overlay-color":"","overlay-opacity":"","overlay-gradient":""},"mobile":{"background-color":"","background-image":"","background-repeat":"repeat","background-position":"center center","background-size":"auto","background-attachment":"scroll","background-type":"","background-media":"","overlay-type":"","overlay-color":"","overlay-opacity":"","overlay-gradient":""}},"ast-content-background-meta":{"desktop":{"background-color":"var(--ast-global-color-5)","background-image":"","background-repeat":"repeat","background-position":"center center","background-size":"auto","background-attachment":"scroll","background-type":"","background-media":"","overlay-type":"","overlay-color":"","overlay-opacity":"","overlay-gradient":""},"tablet":{"background-color":"var(--ast-global-color-5)","background-image":"","background-repeat":"repeat","background-position":"center center","background-size":"auto","background-attachment":"scroll","background-type":"","background-media":"","overlay-type":"","overlay-color":"","overlay-opacity":"","overlay-gradient":""},"mobile":{"background-color":"var(--ast-global-color-5)","background-image":"","background-repeat":"repeat","background-position":"center center","background-size":"auto","background-attachment":"scroll","background-type":"","background-media":"","overlay-type":"","overlay-color":"","overlay-opacity":"","overlay-gradient":""}}},"product_brand":[],"product_cat":[32],"product_tag":[],"class_list":{"0":"post-1621","1":"product","2":"type-product","3":"status-publish","4":"has-post-thumbnail","6":"product_cat-ipl-tretmaji","7":"desktop-align-left","8":"tablet-align-left","9":"mobile-align-left","11":"first","12":"instock","13":"shipping-taxable","14":"purchasable","15":"product-type-simple"},"_links":{"self":[{"href":"https:\/\/kozmetika-balance.si\/it\/wp-json\/wp\/v2\/product\/1621","targetHints":{"allow":["GET"]}}],"collection":[{"href":"https:\/\/kozmetika-balance.si\/it\/wp-json\/wp\/v2\/product"}],"about":[{"href":"https:\/\/kozmetika-balance.si\/it\/wp-json\/wp\/v2\/types\/product"}],"wp:featuredmedia":[{"embeddable":true,"href":"https:\/\/kozmetika-balance.si\/it\/wp-json\/wp\/v2\/media\/1625"}],"wp:attachment":[{"href":"https:\/\/kozmetika-balance.si\/it\/wp-json\/wp\/v2\/media?parent=1621"}],"wp:term":[{"taxonomy":"product_brand","embeddable":true,"href":"https:\/\/kozmetika-balance.si\/it\/wp-json\/wp\/v2\/product_brand?post=1621"},{"taxonomy":"product_cat","embeddable":true,"href":"https:\/\/kozmetika-balance.si\/it\/wp-json\/wp\/v2\/product_cat?post=1621"},{"taxonomy":"product_tag","embeddable":true,"href":"https:\/\/kozmetika-balance.si\/it\/wp-json\/wp\/v2\/product_tag?post=1621"}],"curies":[{"name":"wp","href":"https:\/\/api.w.org\/{rel}","templated":true}]}}