{"id":1614,"date":"2025-02-09T15:48:57","date_gmt":"2025-02-09T15:48:57","guid":{"rendered":"https:\/\/devsta.eu\/?post_type=product&#038;p=1614"},"modified":"2025-12-24T09:50:17","modified_gmt":"2025-12-24T09:50:17","slug":"kisikov-tretma-oxyge","status":"publish","type":"product","link":"https:\/\/kozmetika-balance.si\/it\/prodotto\/kisikov-tretma-oxyge\/","title":{"rendered":"TRATTAMENTO DELL'OSSIGENO - OSSIGENO"},"content":{"rendered":"<p>Durata:\u00a0<b>30 min<\/b><\/p>\n<p>Prezzo:\u00a0<b>40.00\u00a0\u20ac<\/b><\/p>","protected":false},"excerpt":{"rendered":"<p>Per un viso rinfrescato e ringiovanito, vi presentiamo la nostra ultima acquisizione, l'OXYGEN X1 - trattamento all'ossigeno, il metodo pi\u00f9 naturale di ringiovanimento con l'ossigeno, che riduce le rughe, restringe i pori, rivitalizza, idrata e aumenta la tensione della pelle; l'attacco permette di iniettare in profondit\u00e0 fiale, sieri e la rivoluzionaria ossigenoterapia nutre profondamente la pelle. trattamento all'ossigeno, il metodo pi\u00f9 naturale di ringiovanimento con l'ossigeno.<\/p>\n<p><b>I risultati sono visibili immediatamente!<\/b><\/p>\n<p>Dopo un solo trattamento, la pelle rinasce e dopo un inverno freddo, in cui passiamo la maggior parte del tempo in casa, la pelle sar\u00e0 molto grata per l'ossigenoterapia. L'ossigenoterapia \u00e8 molto piacevole anche nelle giornate estive, perch\u00e9 rinfresca la pelle.<\/p>","protected":false},"featured_media":1617,"template":"","meta":{"site-sidebar-layout":"default","site-content-layout":"","ast-site-content-layout":"default","site-content-style":"default","site-sidebar-style":"default","ast-global-header-display":"","ast-banner-title-visibility":"","ast-main-header-display":"","ast-hfb-above-header-display":"","ast-hfb-below-header-display":"","ast-hfb-mobile-header-display":"","site-post-title":"","ast-breadcrumbs-content":"","ast-featured-img":"","footer-sml-layout":"","theme-transparent-header-meta":"default","adv-header-id-meta":"","stick-header-meta":"","header-above-stick-meta":"","header-main-stick-meta":"","header-below-stick-meta":"","astra-migrate-meta-layouts":"set","ast-page-background-enabled":"default","ast-page-background-meta":{"desktop":{"background-color":"var(--ast-global-color-4)","background-image":"","background-repeat":"repeat","background-position":"center center","background-size":"auto","background-attachment":"scroll","background-type":"","background-media":"","overlay-type":"","overlay-color":"","overlay-opacity":"","overlay-gradient":""},"tablet":{"background-color":"","background-image":"","background-repeat":"repeat","background-position":"center center","background-size":"auto","background-attachment":"scroll","background-type":"","background-media":"","overlay-type":"","overlay-color":"","overlay-opacity":"","overlay-gradient":""},"mobile":{"background-color":"","background-image":"","background-repeat":"repeat","background-position":"center center","background-size":"auto","background-attachment":"scroll","background-type":"","background-media":"","overlay-type":"","overlay-color":"","overlay-opacity":"","overlay-gradient":""}},"ast-content-background-meta":{"desktop":{"background-color":"var(--ast-global-color-5)","background-image":"","background-repeat":"repeat","background-position":"center center","background-size":"auto","background-attachment":"scroll","background-type":"","background-media":"","overlay-type":"","overlay-color":"","overlay-opacity":"","overlay-gradient":""},"tablet":{"background-color":"var(--ast-global-color-5)","background-image":"","background-repeat":"repeat","background-position":"center center","background-size":"auto","background-attachment":"scroll","background-type":"","background-media":"","overlay-type":"","overlay-color":"","overlay-opacity":"","overlay-gradient":""},"mobile":{"background-color":"var(--ast-global-color-5)","background-image":"","background-repeat":"repeat","background-position":"center center","background-size":"auto","background-attachment":"scroll","background-type":"","background-media":"","overlay-type":"","overlay-color":"","overlay-opacity":"","overlay-gradient":""}}},"product_brand":[],"product_cat":[31],"product_tag":[],"class_list":{"0":"post-1614","1":"product","2":"type-product","3":"status-publish","4":"has-post-thumbnail","6":"product_cat-nega-obraza-aparaturna","7":"desktop-align-left","8":"tablet-align-left","9":"mobile-align-left","11":"first","12":"instock","13":"shipping-taxable","14":"purchasable","15":"product-type-simple"},"_links":{"self":[{"href":"https:\/\/kozmetika-balance.si\/it\/wp-json\/wp\/v2\/product\/1614","targetHints":{"allow":["GET"]}}],"collection":[{"href":"https:\/\/kozmetika-balance.si\/it\/wp-json\/wp\/v2\/product"}],"about":[{"href":"https:\/\/kozmetika-balance.si\/it\/wp-json\/wp\/v2\/types\/product"}],"wp:featuredmedia":[{"embeddable":true,"href":"https:\/\/kozmetika-balance.si\/it\/wp-json\/wp\/v2\/media\/1617"}],"wp:attachment":[{"href":"https:\/\/kozmetika-balance.si\/it\/wp-json\/wp\/v2\/media?parent=1614"}],"wp:term":[{"taxonomy":"product_brand","embeddable":true,"href":"https:\/\/kozmetika-balance.si\/it\/wp-json\/wp\/v2\/product_brand?post=1614"},{"taxonomy":"product_cat","embeddable":true,"href":"https:\/\/kozmetika-balance.si\/it\/wp-json\/wp\/v2\/product_cat?post=1614"},{"taxonomy":"product_tag","embeddable":true,"href":"https:\/\/kozmetika-balance.si\/it\/wp-json\/wp\/v2\/product_tag?post=1614"}],"curies":[{"name":"wp","href":"https:\/\/api.w.org\/{rel}","templated":true}]}}