{"id":801,"date":"2024-07-25T14:34:33","date_gmt":"2024-07-25T14:34:33","guid":{"rendered":"https:\/\/lavieklinikalepote.si\/?page_id=801"},"modified":"2024-11-10T17:39:34","modified_gmt":"2024-11-10T17:39:34","slug":"o-nas","status":"publish","type":"page","link":"https:\/\/kozmetika-balance.si\/it\/o-nas\/","title":{"rendered":"Chi siamo"},"content":{"rendered":"<div data-elementor-type=\"wp-page\" data-elementor-id=\"801\" class=\"elementor elementor-801\" data-elementor-settings=\"{&quot;ha_cmc_init_switcher&quot;:&quot;no&quot;}\" data-elementor-post-type=\"page\">\n\t\t\t\t<div class=\"elementor-element elementor-element-daba018 e-flex e-con-boxed e-con e-parent\" data-id=\"daba018\" data-element_type=\"container\" data-settings=\"{&quot;background_background&quot;:&quot;classic&quot;,&quot;shape_divider_bottom&quot;:&quot;curve&quot;,&quot;shape_divider_bottom_negative&quot;:&quot;yes&quot;,&quot;_ha_eqh_enable&quot;:false}\">\n\t\t\t\t\t<div class=\"e-con-inner\">\n\t\t\t\t<div class=\"elementor-shape elementor-shape-bottom\" data-negative=\"true\">\n\t\t\t<svg xmlns=\"http:\/\/www.w3.org\/2000\/svg\" viewbox=\"0 0 1000 100\" preserveaspectratio=\"none\">\n\t<path class=\"elementor-shape-fill\" d=\"M500,97C126.7,96.3,0.8,19.8,0,0v100l1000,0V1C1000,19.4,873.3,97.8,500,97z\"\/>\n<\/svg>\t\t<\/div>\n\t\t\t\t<div class=\"elementor-element elementor-element-bfc1ca3 elementor-widget elementor-widget-heading\" data-id=\"bfc1ca3\" data-element_type=\"widget\" data-widget_type=\"heading.default\">\n\t\t\t\t<div class=\"elementor-widget-container\">\n\t\t\t\t\t<h2 class=\"elementor-heading-title elementor-size-default\">Chi siamo<\/h2>\t\t\t\t<\/div>\n\t\t\t\t<\/div>\n\t\t\t\t\t<\/div>\n\t\t\t\t<\/div>\n\t\t<div class=\"elementor-element elementor-element-d0e3554 e-flex e-con-boxed e-con e-parent\" data-id=\"d0e3554\" data-element_type=\"container\" data-settings=\"{&quot;_ha_eqh_enable&quot;:false}\">\n\t\t\t\t\t<div class=\"e-con-inner\">\n\t\t<div class=\"elementor-element elementor-element-0d110b2 e-con-full e-flex e-con e-child\" data-id=\"0d110b2\" data-element_type=\"container\" data-settings=\"{&quot;_ha_eqh_enable&quot;:false}\">\n\t\t<div class=\"elementor-element elementor-element-a801cb5 e-con-full e-flex e-con e-child\" data-id=\"a801cb5\" data-element_type=\"container\" data-settings=\"{&quot;_ha_eqh_enable&quot;:false}\">\n\t\t\t\t<div class=\"elementor-element elementor-element-e5b27a1 elementor-widget elementor-widget-image\" data-id=\"e5b27a1\" data-element_type=\"widget\" data-widget_type=\"image.default\">\n\t\t\t\t<div class=\"elementor-widget-container\">\n\t\t\t\t\t\t\t\t\t\t\t\t\t\t\t<img fetchpriority=\"high\" decoding=\"async\" width=\"2560\" height=\"1714\" src=\"https:\/\/kozmetika-balance.si\/wp-content\/uploads\/2024\/11\/DSC_0579-scaled.jpg\" class=\"attachment-full size-full wp-image-1329\" alt=\"\" srcset=\"https:\/\/kozmetika-balance.si\/wp-content\/uploads\/2024\/11\/DSC_0579-scaled.jpg 2560w, https:\/\/kozmetika-balance.si\/wp-content\/uploads\/2024\/11\/DSC_0579-scaled-600x402.jpg 600w, https:\/\/kozmetika-balance.si\/wp-content\/uploads\/2024\/11\/DSC_0579-300x201.jpg 300w, https:\/\/kozmetika-balance.si\/wp-content\/uploads\/2024\/11\/DSC_0579-1024x685.jpg 1024w, https:\/\/kozmetika-balance.si\/wp-content\/uploads\/2024\/11\/DSC_0579-768x514.jpg 768w, https:\/\/kozmetika-balance.si\/wp-content\/uploads\/2024\/11\/DSC_0579-1536x1028.jpg 1536w, https:\/\/kozmetika-balance.si\/wp-content\/uploads\/2024\/11\/DSC_0579-2048x1371.jpg 2048w\" sizes=\"(max-width: 2560px) 100vw, 2560px\" \/>\t\t\t\t\t\t\t\t\t\t\t\t\t\t\t<\/div>\n\t\t\t\t<\/div>\n\t\t\t\t<\/div>\n\t\t<div class=\"elementor-element elementor-element-0476fc6 e-con-full e-flex e-con e-child\" data-id=\"0476fc6\" data-element_type=\"container\" data-settings=\"{&quot;_ha_eqh_enable&quot;:false}\">\n\t\t\t\t<div class=\"elementor-element elementor-element-a2cb27e elementor-widget elementor-widget-heading\" data-id=\"a2cb27e\" data-element_type=\"widget\" data-widget_type=\"heading.default\">\n\t\t\t\t<div class=\"elementor-widget-container\">\n\t\t\t\t\t<h2 class=\"elementor-heading-title elementor-size-default\">AMBIENTE<\/h2>\t\t\t\t<\/div>\n\t\t\t\t<\/div>\n\t\t\t\t<div class=\"elementor-element elementor-element-fbcd046 elementor-widget elementor-widget-text-editor\" data-id=\"fbcd046\" data-element_type=\"widget\" data-widget_type=\"text-editor.default\">\n\t\t\t\t<div class=\"elementor-widget-container\">\n\t\t\t\t\t\t\t\t\t<p>Il profumo degli oli essenziali, l'ambiente tranquillo, l'accoglienza calorosa della receptionist: tutto questo vi accoglie quando entrate nel nostro salone e vi porta a vivere un'esperienza di bellezza indimenticabile.<br \/>Per la ciliegina sulla torta, c'\u00e8 un'area centrale dove si pu\u00f2 godere di musica piacevole, una tazza di t\u00e8 e una breve fuga dallo stress e dalle preoccupazioni della vita quotidiana...<\/p>\t\t\t\t\t\t\t\t<\/div>\n\t\t\t\t<\/div>\n\t\t\t\t<\/div>\n\t\t\t\t<\/div>\n\t\t<div class=\"elementor-element elementor-element-d72ed91 e-con-full e-flex e-con e-child\" data-id=\"d72ed91\" data-element_type=\"container\" data-settings=\"{&quot;_ha_eqh_enable&quot;:false}\">\n\t\t<div class=\"elementor-element elementor-element-b4b969c e-con-full e-flex e-con e-child\" data-id=\"b4b969c\" data-element_type=\"container\" data-settings=\"{&quot;_ha_eqh_enable&quot;:false}\">\n\t\t\t\t<div class=\"elementor-element elementor-element-3d05e2b elementor-widget elementor-widget-image\" data-id=\"3d05e2b\" data-element_type=\"widget\" data-widget_type=\"image.default\">\n\t\t\t\t<div class=\"elementor-widget-container\">\n\t\t\t\t\t\t\t\t\t\t\t\t\t\t\t<img decoding=\"async\" width=\"400\" height=\"272\" src=\"https:\/\/kozmetika-balance.si\/wp-content\/uploads\/2024\/11\/storitve1.jpg\" class=\"attachment-full size-full wp-image-1331\" alt=\"\" srcset=\"https:\/\/kozmetika-balance.si\/wp-content\/uploads\/2024\/11\/storitve1.jpg 400w, https:\/\/kozmetika-balance.si\/wp-content\/uploads\/2024\/11\/storitve1-300x204.jpg 300w\" sizes=\"(max-width: 400px) 100vw, 400px\" \/>\t\t\t\t\t\t\t\t\t\t\t\t\t\t\t<\/div>\n\t\t\t\t<\/div>\n\t\t\t\t<\/div>\n\t\t<div class=\"elementor-element elementor-element-5b44dfa e-con-full e-flex e-con e-child\" data-id=\"5b44dfa\" data-element_type=\"container\" data-settings=\"{&quot;_ha_eqh_enable&quot;:false}\">\n\t\t\t\t<div class=\"elementor-element elementor-element-9f296df elementor-widget elementor-widget-heading\" data-id=\"9f296df\" data-element_type=\"widget\" data-widget_type=\"heading.default\">\n\t\t\t\t<div class=\"elementor-widget-container\">\n\t\t\t\t\t<h2 class=\"elementor-heading-title elementor-size-default\">SERVIZI<\/h2>\t\t\t\t<\/div>\n\t\t\t\t<\/div>\n\t\t\t\t<div class=\"elementor-element elementor-element-1531dfa elementor-widget elementor-widget-text-editor\" data-id=\"1531dfa\" data-element_type=\"widget\" data-widget_type=\"text-editor.default\">\n\t\t\t\t<div class=\"elementor-widget-container\">\n\t\t\t\t\t\t\t\t\t<p>Il centro Balance Face and Body Care \u00e8 un centro estetico di lunga tradizione, che da oltre dieci anni utilizza i cosmetici Dermalogica e che ora sta ampliando i propri orizzonti con il rinomato marchio cosmetico sloveno Afrodita. Cerchiamo sempre di migliorare e ampliare la nostra gamma di cosmetici, per questo abbiamo iniziato a offrire trattamenti per il viso con il prestigioso marchio Sothys, che \u00e8 sinonimo di eccellenza e prestigio nei centri estetici.<\/p>\t\t\t\t\t\t\t\t<\/div>\n\t\t\t\t<\/div>\n\t\t\t\t<\/div>\n\t\t\t\t<\/div>\n\t\t<div class=\"elementor-element elementor-element-50a1575 e-con-full e-flex e-con e-child\" data-id=\"50a1575\" data-element_type=\"container\" data-settings=\"{&quot;_ha_eqh_enable&quot;:false}\">\n\t\t<div class=\"elementor-element elementor-element-590981c e-con-full e-flex e-con e-child\" data-id=\"590981c\" data-element_type=\"container\" data-settings=\"{&quot;_ha_eqh_enable&quot;:false}\">\n\t\t\t\t<div class=\"elementor-element elementor-element-3304487 elementor-widget elementor-widget-image\" data-id=\"3304487\" data-element_type=\"widget\" data-widget_type=\"image.default\">\n\t\t\t\t<div class=\"elementor-widget-container\">\n\t\t\t\t\t\t\t\t\t\t\t\t\t\t\t<img decoding=\"async\" width=\"2560\" height=\"1703\" src=\"https:\/\/kozmetika-balance.si\/wp-content\/uploads\/2024\/11\/beautiful-young-girl-beauty-salon-1-scaled.jpg\" class=\"attachment-full size-full wp-image-1294\" alt=\"\" srcset=\"https:\/\/kozmetika-balance.si\/wp-content\/uploads\/2024\/11\/beautiful-young-girl-beauty-salon-1-scaled.jpg 2560w, https:\/\/kozmetika-balance.si\/wp-content\/uploads\/2024\/11\/beautiful-young-girl-beauty-salon-1-scaled-600x399.jpg 600w, https:\/\/kozmetika-balance.si\/wp-content\/uploads\/2024\/11\/beautiful-young-girl-beauty-salon-1-300x200.jpg 300w, https:\/\/kozmetika-balance.si\/wp-content\/uploads\/2024\/11\/beautiful-young-girl-beauty-salon-1-1024x681.jpg 1024w, https:\/\/kozmetika-balance.si\/wp-content\/uploads\/2024\/11\/beautiful-young-girl-beauty-salon-1-768x511.jpg 768w, https:\/\/kozmetika-balance.si\/wp-content\/uploads\/2024\/11\/beautiful-young-girl-beauty-salon-1-1536x1022.jpg 1536w, https:\/\/kozmetika-balance.si\/wp-content\/uploads\/2024\/11\/beautiful-young-girl-beauty-salon-1-2048x1363.jpg 2048w\" sizes=\"(max-width: 2560px) 100vw, 2560px\" \/>\t\t\t\t\t\t\t\t\t\t\t\t\t\t\t<\/div>\n\t\t\t\t<\/div>\n\t\t\t\t<\/div>\n\t\t<div class=\"elementor-element elementor-element-2e593c8 e-con-full e-flex e-con e-child\" data-id=\"2e593c8\" data-element_type=\"container\" data-settings=\"{&quot;_ha_eqh_enable&quot;:false}\">\n\t\t\t\t<div class=\"elementor-element elementor-element-ec0611e elementor-widget elementor-widget-heading\" data-id=\"ec0611e\" data-element_type=\"widget\" data-widget_type=\"heading.default\">\n\t\t\t\t<div class=\"elementor-widget-container\">\n\t\t\t\t\t<h2 class=\"elementor-heading-title elementor-size-default\">PERSONALE<\/h2>\t\t\t\t<\/div>\n\t\t\t\t<\/div>\n\t\t\t\t<div class=\"elementor-element elementor-element-f044fa6 elementor-widget elementor-widget-text-editor\" data-id=\"f044fa6\" data-element_type=\"widget\" data-widget_type=\"text-editor.default\">\n\t\t\t\t<div class=\"elementor-widget-container\">\n\t\t\t\t\t\t\t\t\t<p>Presso il centro Balance Facial and Body Care troverete un personale cordiale e dedicato che vi garantir\u00e0 comfort e soddisfazione in un'atmosfera piacevole. Per stare al passo con i tempi, il nostro centro \u00e8 composto principalmente da estetiste qualificate, il che significa che attualmente disponiamo delle pi\u00f9 alte qualifiche possibili in questo campo. Cerchiamo di migliorare le nostre conoscenze frequentando regolarmente corsi di formazione e seminari.<br \/>\u00a0Le nostre conoscenze e il nostro modo di lavorare vi convinceranno a fidarvi di noi e a lasciarvi nelle nostre mani.<\/p>\t\t\t\t\t\t\t\t<\/div>\n\t\t\t\t<\/div>\n\t\t\t\t<\/div>\n\t\t\t\t<\/div>\n\t\t\t\t\t<\/div>\n\t\t\t\t<\/div>\n\t\t\t\t<\/div>","protected":false},"excerpt":{"rendered":"<p>O nas AMBIENT Vonj eteri\u010dnih olj, umirjen ambient, topel sprejem receptorke, vse to vas pri\u010daka ob vstopu v na\u0161 salon [&hellip;]<\/p>","protected":false},"author":2,"featured_media":0,"parent":0,"menu_order":0,"comment_status":"closed","ping_status":"closed","template":"","meta":{"site-sidebar-layout":"no-sidebar","site-content-layout":"","ast-site-content-layout":"full-width-container","site-content-style":"default","site-sidebar-style":"default","ast-global-header-display":"","ast-banner-title-visibility":"","ast-main-header-display":"","ast-hfb-above-header-display":"","ast-hfb-below-header-display":"","ast-hfb-mobile-header-display":"","site-post-title":"disabled","ast-breadcrumbs-content":"","ast-featured-img":"disabled","footer-sml-layout":"","theme-transparent-header-meta":"","adv-header-id-meta":"","stick-header-meta":"","header-above-stick-meta":"","header-main-stick-meta":"","header-below-stick-meta":"","astra-migrate-meta-layouts":"default","ast-page-background-enabled":"default","ast-page-background-meta":{"desktop":{"background-color":"var(--ast-global-color-4)","background-image":"","background-repeat":"repeat","background-position":"center center","background-size":"auto","background-attachment":"scroll","background-type":"","background-media":"","overlay-type":"","overlay-color":"","overlay-opacity":"","overlay-gradient":""},"tablet":{"background-color":"","background-image":"","background-repeat":"repeat","background-position":"center center","background-size":"auto","background-attachment":"scroll","background-type":"","background-media":"","overlay-type":"","overlay-color":"","overlay-opacity":"","overlay-gradient":""},"mobile":{"background-color":"","background-image":"","background-repeat":"repeat","background-position":"center center","background-size":"auto","background-attachment":"scroll","background-type":"","background-media":"","overlay-type":"","overlay-color":"","overlay-opacity":"","overlay-gradient":""}},"ast-content-background-meta":{"desktop":{"background-color":"var(--ast-global-color-5)","background-image":"","background-repeat":"repeat","background-position":"center center","background-size":"auto","background-attachment":"scroll","background-type":"","background-media":"","overlay-type":"","overlay-color":"","overlay-opacity":"","overlay-gradient":""},"tablet":{"background-color":"var(--ast-global-color-5)","background-image":"","background-repeat":"repeat","background-position":"center center","background-size":"auto","background-attachment":"scroll","background-type":"","background-media":"","overlay-type":"","overlay-color":"","overlay-opacity":"","overlay-gradient":""},"mobile":{"background-color":"var(--ast-global-color-5)","background-image":"","background-repeat":"repeat","background-position":"center center","background-size":"auto","background-attachment":"scroll","background-type":"","background-media":"","overlay-type":"","overlay-color":"","overlay-opacity":"","overlay-gradient":""}},"footnotes":""},"class_list":["post-801","page","type-page","status-publish","hentry"],"_links":{"self":[{"href":"https:\/\/kozmetika-balance.si\/it\/wp-json\/wp\/v2\/pages\/801","targetHints":{"allow":["GET"]}}],"collection":[{"href":"https:\/\/kozmetika-balance.si\/it\/wp-json\/wp\/v2\/pages"}],"about":[{"href":"https:\/\/kozmetika-balance.si\/it\/wp-json\/wp\/v2\/types\/page"}],"author":[{"embeddable":true,"href":"https:\/\/kozmetika-balance.si\/it\/wp-json\/wp\/v2\/users\/2"}],"replies":[{"embeddable":true,"href":"https:\/\/kozmetika-balance.si\/it\/wp-json\/wp\/v2\/comments?post=801"}],"version-history":[{"count":9,"href":"https:\/\/kozmetika-balance.si\/it\/wp-json\/wp\/v2\/pages\/801\/revisions"}],"predecessor-version":[{"id":1341,"href":"https:\/\/kozmetika-balance.si\/it\/wp-json\/wp\/v2\/pages\/801\/revisions\/1341"}],"wp:attachment":[{"href":"https:\/\/kozmetika-balance.si\/it\/wp-json\/wp\/v2\/media?parent=801"}],"curies":[{"name":"wp","href":"https:\/\/api.w.org\/{rel}","templated":true}]}}